

{"id":2433,"date":"2020-07-01T10:33:16","date_gmt":"2020-07-01T08:33:16","guid":{"rendered":"https:\/\/www.clearon.se\/?page_id=2433"},"modified":"2026-03-18T14:11:15","modified_gmt":"2026-03-18T13:11:15","slug":"vara-tjanster-sales-promotion-tjanster-checkar","status":"publish","type":"page","link":"https:\/\/www.clearon.se\/en\/vara-tjanster-sales-promotion-tjanster-checkar\/","title":{"rendered":"V\u00e4rdecheckar &#038; Presentkort"},"content":{"rendered":"<div class=\"wpb-content-wrapper\"><p>[vc_row css=&#8221;.vc_custom_1730367235808{background-color: #f4f1e9 !important;}&#8221;][vc_column][vc_column_text]<\/p>\n<h2><\/h2>\n<h2><\/h2>\n<h2 style=\"text-align: center;\">Sverigechecken &#8211; den flexibla g\u00e5van som alltid tr\u00e4ffar r\u00e4tt<\/h2>\n<p>[\/vc_column_text][\/vc_column][\/vc_row][vc_row el_class=&#8221;two-cols-center padding-inner&#8221; css=&#8221;.vc_custom_1695738165343{background-color: #f4f1e9 !important;}&#8221;][vc_column width=&#8221;1\/2&#8243;][vc_single_image image=&#8221;13992&#8243; img_size=&#8221;large&#8221; css=&#8221;&#8221;][\/vc_column][vc_column width=&#8221;1\/2&#8243;][vc_column_text]<\/p>\n<h2 class=\"heading-2\">Ge bort lite h\u00e4rlig valfrihet!<\/h2>\n<p>Med Sverigechecken ger du en uppskattad g\u00e5va till medarbetare, samarbetspartners eller andra du vill visa omtanke. Checken kan l\u00f6sas in i majoriteten av Sveriges mat- och servicebutiker \u2013 vilket g\u00f6r den b\u00e5de smidig och anv\u00e4ndbar. Den som f\u00e5r checken kan handla precis vad de vill inom dagligvaruhandeln \u2013 allt fr\u00e5n vardagsfavoriter till n\u00e5got extra att unna sig.[\/vc_column_text][vc_btn title=&#8221;L\u00e4s mer och best\u00e4ll h\u00e4r!&#8221; align=&#8221;right&#8221; link=&#8221;url:https%3A%2F%2Fmobilapresentkort.se%2Fsverigechecken-0|target:_blank&#8221; el_class=&#8221;btn btn-primary&#8221;][\/vc_column][\/vc_row][vc_row equal_height=&#8221;yes&#8221; css=&#8221;.vc_custom_1695738155400{background-color: #d9d6cc !important;}&#8221; el_class=&#8221;padding-inner two-cols-center&#8221;][vc_column width=&#8221;1\/2&#8243;][vc_column_text css=&#8221;&#8221;]<\/p>\n<h2>Sverigechecken &#8211; ett smart alternativ<\/h2>\n<p>&nbsp;<\/p>\n<p>Sverigechecken \u00e4r ett smart alternativ till kedjespecifika presentkort. En fin g\u00e5va att kunna ge f\u00f6r alla typer av f\u00f6retag och organisationer. Sverigechecken \u00e4r en v\u00e4rdecheck som g\u00e4ller i ett stort antal rikst\u00e4ckande mat- och servicebutiker.<\/p>\n<p><strong>G\u00e5van som man sj\u00e4lv v\u00e4ljer<br \/>\n<\/strong>Sverigechecken \u00e4r mycket uppskattad eftersom mottagaren sj\u00e4lv kan v\u00e4lja g\u00e5va utifr\u00e5n sina egna behov och \u00f6nskem\u00e5l*.<\/p>\n<p><strong>Rikst\u00e4ckande butiker d\u00e4r man kan betala med Sverigechecken<br \/>\n<\/strong>Tack vare ett stort utbud av ombud kan Sverigechecken anv\u00e4ndas p\u00e5 en m\u00e4ngd olika platser \u00f6ver hela Sverige.<\/p>\n<p>&nbsp;<\/p>\n<p>*) <em>OBS Sverigechecken kan inte anv\u00e4ndas som betalning av alkohol, tobak, pant eller spel. Det g\u00e5r inte heller att anv\u00e4nda Sverigechecken f\u00f6r att k\u00f6pa presentkort.<\/em>[\/vc_column_text][\/vc_column][vc_column width=&#8221;1\/2&#8243;][vc_single_image image=&#8221;12840&#8243; img_size=&#8221;large&#8221;][\/vc_column][\/vc_row][vc_row el_class=&#8221;two-cols-center padding-inner&#8221; css=&#8221;.vc_custom_1695738165343{background-color: #f4f1e9 !important;}&#8221;][vc_column][vc_column_text]<\/p>\n<h2>Sverigechecken f\u00f6r f\u00f6retag<\/h2>\n<p><strong>Vill du k\u00f6pa Sverigechecken till dina medarbetare eller kunder<br \/>\n<\/strong>Sverigechecken \u00e4r en sj\u00e4lvklar och uppskattad g\u00e5va vid alla typer av h\u00f6gtider och olika bem\u00e4rkelsedagar. Det finns \u00e4ven m\u00e5nga andra tillf\u00e4llen d\u00e4r Sverigechecken blir till en given succ\u00e9, t ex f\u00f6r att bel\u00f6na en god prestation, vid avslutad tj\u00e4nst, f\u00f6delsedagar, jubileumsfirande eller som incitament f\u00f6r uppn\u00e5dda m\u00e5l.<\/p>\n<p>Sverigechecken finns i val\u00f6rerna 25, 50, 100 och 200 kr, allt f\u00f6r att man enkelt ska kunna s\u00e4tta samman den summa man \u00f6nskar ge bort.<\/p>\n<p><strong>Vill du h\u00f6ra mer, kontakta g\u00e4rna oss!<\/strong>[\/vc_column_text][vc_btn title=&#8221;Kontakta oss!&#8221; align=&#8221;right&#8221; css=&#8221;&#8221; link=&#8221;url:mailto%3Apresentkort%40clearon.se&#8221; el_class=&#8221;btn btn-primary&#8221;][\/vc_column][\/vc_row][vc_row el_class=&#8221;two-cols-center padding-inner&#8221; css=&#8221;.vc_custom_1730367056984{background-color: #d9d6cc !important;}&#8221;][vc_column width=&#8221;1\/2&#8243;][vc_column_text]<\/p>\n<h2>Sverigechecken &#8211; digital eller i pappersformat<\/h2>\n<p>&nbsp;<\/p>\n<p><strong>Sj\u00e4lvklart fungerar Sverigechecken att skicka s\u00e5v\u00e4l digitalt som i fysiskt form. Best\u00e4m vad som passar b\u00e4st f\u00f6r tillf\u00e4llet.\u00a0<\/strong><\/p>\n<p>Vi kan \u00e4ven skr\u00e4ddarsy f\u00f6retagsanpassade digitala utskick. Minsta best\u00e4llning \u00e4r d\u00e5 100 Sverigecheckar.[\/vc_column_text][vc_btn title=&#8221;Best\u00e4ll digitala Sverigechecken h\u00e4r!&#8221; align=&#8221;right&#8221; link=&#8221;url:https%3A%2F%2Fmobilapresentkort.se%2Fforetag|target:_blank&#8221; el_class=&#8221;btn btn-primary&#8221;][vc_btn title=&#8221;Best\u00e4ll fysiska Sverigechecken h\u00e4r!&#8221; align=&#8221;right&#8221; css=&#8221;&#8221; link=&#8221;url:https%3A%2F%2Fshop.campaign.clearon.se%2Fclearon_webbshop%2Fdocs%2Fsverigechecken_main.html|target:_blank&#8221; el_class=&#8221;btn btn-primary&#8221;][\/vc_column][vc_column width=&#8221;1\/2&#8243;][vc_single_image image=&#8221;975&#8243; img_size=&#8221;full&#8221; alignment=&#8221;center&#8221;][\/vc_column][\/vc_row][vc_row css=&#8221;.vc_custom_1730368019347{background-color: #f4f1e9 !important;}&#8221;][vc_column][vc_column_text]<\/p>\n<h2><\/h2>\n<h2 style=\"text-align: center;\">Glasscheckar &#8211; digitala och fysiska<\/h2>\n<p>[\/vc_column_text][\/vc_column][\/vc_row][vc_row el_class=&#8221;two-cols-center padding-inner&#8221; css=&#8221;.vc_custom_1730368107291{background-color: #f4f1e9 !important;}&#8221;][vc_column width=&#8221;1\/2&#8243;][vc_column_text css=&#8221;&#8221;]<\/p>\n<h2>H\u00e4r best\u00e4ller du glasscheckar!<\/h2>\n<p>&nbsp;<\/p>\n<p>H\u00e4r kan du best\u00e4lla glasscheckar till kunder, leverant\u00f6rer, medarbetare eller n\u00e5gon annan som du eller ditt f\u00f6retag vill \u00f6verraska. V\u00e5ra traditionella glasscheckar \u00e4r tryckta papperscheckar och finns i val\u00f6ren 30 kr. Glasscheckarna skickas med rekommenderat brev inom 5 vardagar efter mottagen betalning. Minsta best\u00e4llning \u00e4r 25 st glasscheckar.<\/p>\n<p>Vill du hellre skicka digitala glasscheckar s\u00e5 hj\u00e4lper vi dig med det ocks\u00e5. De digitala\u00a0 glasscheckarna kan utformas med personlig h\u00e4lsning och egen bild.<\/p>\n<p>Mer information om v\u00e5ra digitala glasscheckar (eller andra produktcheckar) hittar du p\u00e5 v\u00e5r tj\u00e4nst <a href=\"https:\/\/mobilapresentkort.se\/foretag\" target=\"_blank\" rel=\"noopener noreferrer\">mobilapresentkort.se\/foretag<\/a>[\/vc_column_text][vc_btn title=&#8221;Best\u00e4ll fysiska glasscheckar h\u00e4r!&#8221; css=&#8221;&#8221; link=&#8221;url:https%3A%2F%2Fshop.campaign.clearon.se%2Fclearon_webbshop%2Fdocs%2Fglasscheckar_main.html|target:_blank&#8221; el_class=&#8221;btn btn-primary&#8221;][vc_btn title=&#8221;Best\u00e4ll digitala glasscheckar h\u00e4r!&#8221; css=&#8221;&#8221; link=&#8221;url:https%3A%2F%2Fmobilapresentkort.se%2Fclearon-glasscheck%3Ftag%3DGlass|target:_blank&#8221; el_class=&#8221;btn btn-primary&#8221;][\/vc_column][vc_column width=&#8221;1\/2&#8243;][vc_single_image image=&#8221;14012&#8243; img_size=&#8221;full&#8221; alignment=&#8221;center&#8221;][\/vc_column][\/vc_row][vc_row el_class=&#8221;padding-inner two-cols-center expand&#8221; css=&#8221;.vc_custom_1730368056538{background-color: #d9d6cc !important;}&#8221;][vc_column][vc_column_text]<\/p>\n<h2 style=\"text-align: center;\">G\u00e5van som kan anv\u00e4ndas i 5000 butiker i hela landet!<\/h2>\n<h2 style=\"text-align: center;\"><\/h2>\n<p style=\"text-align: center;\"><strong>Hos alla f\u00f6ljande butikskedjor kan mottagaren anv\u00e4nda sin Glasscheck och Sverigecheck.<\/strong><\/p>\n<p>[\/vc_column_text][vc_single_image image=&#8221;13526&#8243; img_size=&#8221;full&#8221; css=&#8221;.vc_custom_1729495977473{background-color: #ffffff !important;}&#8221;][vc_column_text css=&#8221;.vc_custom_1695738325918{background-color: #d9d6cc !important;}&#8221;]<em>Vissa Tempo och N\u00e4ra Dej tar ocks\u00e5 emot Sverigechecken. H\u00f6r med din lokala butik n\u00e4ra dig.<\/em>[\/vc_column_text][\/vc_column][\/vc_row][vc_row el_class=&#8221;two-cols-center padding-inner&#8221; css=&#8221;.vc_custom_1730367091658{background-color: #f4f1e9 !important;}&#8221;][vc_column][vc_column_text css=&#8221;&#8221;]<\/p>\n<h2>Sverigechecken och Glasschecken &#8211; f\u00f6r mottagare<\/h2>\n<p><strong>Grattis till att du har f\u00e5tt Sverigechecken eller Glasschecken!<\/strong><\/p>\n<p>Nu kan du enkelt anv\u00e4nda den n\u00e4sta g\u00e5ng du handlar i en butik som tillh\u00f6r n\u00e5gon av f\u00f6ljande kedjor:<\/p>\n<p>ICA, Coop, Hemk\u00f6p, Willys, CityGross, Apotek Hj\u00e4rtat, Pressbyr\u00e5n, Shell, 7-Eleven, Matrebellen, \u00d6&amp;B, My Way, Direkten, Gulf, Granng\u00e5rden, Eurocash och EKO.<\/p>\n<p>*)\u00a0<em>OBS Sverigechecken kan inte anv\u00e4ndas som betalning av alkohol, tobak, spel eller pant. Det g\u00e5r inte heller att anv\u00e4nda Sverigechecken f\u00f6r att k\u00f6pa presentkort.<\/em>[\/vc_column_text][\/vc_column][\/vc_row][vc_row css=&#8221;.vc_custom_1730367102433{background-color: #d9d6cc !important;}&#8221;][vc_column width=&#8221;1\/2&#8243;][vc_single_image image=&#8221;12829&#8243; img_size=&#8221;large&#8221; alignment=&#8221;center&#8221;][\/vc_column][vc_column width=&#8221;1\/2&#8243;][vc_single_image image=&#8221;13466&#8243; img_size=&#8221;full&#8221; alignment=&#8221;center&#8221;][\/vc_column][\/vc_row][vc_row disable_element=&#8221;yes&#8221; el_class=&#8221;two-cols-center padding-inner&#8221; css=&#8221;.vc_custom_1605191247499{background-color: #ffffff !important;}&#8221;][vc_column width=&#8221;1\/2&#8243;][vc_column_text]<\/p>\n<h2>Skr\u00e4ddarsydda f\u00f6retagspaket som passar alla<\/h2>\n<p>L\u00e5t oss s\u00e4tta ihop f\u00e4rdiga presentpaket utifr\u00e5n dina behov. Vi packar checkarna i v\u00e5ra eleganta konvolut och g\u00f6r g\u00e5van extra personlig med ett brev med logotyp och underskrift<\/p>\n<p><strong>Uppt\u00e4ck Sverigecheckens vackra konvolut<\/strong><\/p>\n<p>ClearOn\u00a0erbjuder flera olika presentf\u00f6rpackningar som g\u00f6r din g\u00e5va till en komplett upplevelse. En f\u00f6rpackning best\u00e5r av en h\u00e5llare d\u00e4r man l\u00e4gger en eller flera checkar. H\u00e5llaren placeras i ett konvolut som finns i flera fina utf\u00f6randen.<\/p>\n<p><strong>V\u00e4lj det konvolut som passar er b\u00e4st!<\/strong><\/p>\n<p><strong>Personligt brev<\/strong><br \/>\nF\u00f6rst\u00e4rk din g\u00e5va genom att l\u00e4gga till ett brev med en personlig h\u00e4lsning. Vi trycker upp eleganta kort som f\u00e5r plats i konvoluten d\u00e4r du kan skriva en egen text samt avsluta med en underskrift, d\u00e4refter f\u00f6rtrycks och packas allt. P\u00e5 s\u00e5 s\u00e4tt skapar du en personlig g\u00e5va som verkligen kommer att uppskattas av mottagaren.[\/vc_column_text][\/vc_column][vc_column width=&#8221;1\/2&#8243;][vc_single_image image=&#8221;529&#8243; img_size=&#8221;full&#8221; alignment=&#8221;center&#8221;][\/vc_column][\/vc_row]<\/p>\n<\/div>","protected":false},"excerpt":{"rendered":"<p>[vc_row css=&#8221;.vc_custom_1730367235808{background-color: #f4f1e9 !important;}&#8221;][vc_column][vc_column_text] Sverigechecken &#8211; den flexibla g\u00e5van som alltid tr\u00e4ffar r\u00e4tt [\/vc_column_text][\/vc_column][\/vc_row][vc_row el_class=&#8221;two-cols-center padding-inner&#8221; css=&#8221;.vc_custom_1695738165343{background-color: #f4f1e9 !important;}&#8221;][vc_column width=&#8221;1\/2&#8243;][vc_single_image image=&#8221;13992&#8243; img_size=&#8221;large&#8221; css=&#8221;&#8221;][\/vc_column][vc_column width=&#8221;1\/2&#8243;][vc_column_text] Ge bort lite h\u00e4rlig valfrihet! Med [&hellip;]<\/p>\n","protected":false},"author":1,"featured_media":10604,"parent":0,"menu_order":14,"comment_status":"closed","ping_status":"closed","template":"templates\/template-standard.php","meta":{"footnotes":""},"categories":[],"tags":[],"class_list":["post-2433","page","type-page","status-publish","has-post-thumbnail","hentry"],"yoast_head":"<!-- This site is optimized with the Yoast SEO plugin v25.7 - https:\/\/yoast.com\/wordpress\/plugins\/seo\/ -->\r\n<title>H\u00e4r kan du best\u00e4lla glasscheckar till kunder, leverant\u00f6rer, medarbetare<\/title>\r\n<meta name=\"description\" content=\"Sverigechecken fr\u00e5n ClearOn \u00e4r ett smart alternativ till kedjespecifika presentkort. En fin g\u00e5va att ge fr\u00e5n alla typer av f\u00f6retag.\" \/>\r\n<meta name=\"robots\" content=\"index, follow, max-snippet:-1, max-image-preview:large, max-video-preview:-1\" \/>\r\n<link rel=\"canonical\" href=\"https:\/\/www.clearon.se\/en\/vara-tjanster-sales-promotion-tjanster-checkar\/\" \/>\r\n<meta property=\"og:locale\" content=\"en_US\" \/>\r\n<meta property=\"og:type\" content=\"article\" \/>\r\n<meta property=\"og:title\" content=\"H\u00e4r kan du best\u00e4lla glasscheckar till kunder, leverant\u00f6rer, medarbetare\" \/>\r\n<meta property=\"og:description\" content=\"Sverigechecken fr\u00e5n ClearOn \u00e4r ett smart alternativ till kedjespecifika presentkort. En fin g\u00e5va att ge fr\u00e5n alla typer av f\u00f6retag.\" \/>\r\n<meta property=\"og:url\" content=\"https:\/\/www.clearon.se\/en\/vara-tjanster-sales-promotion-tjanster-checkar\/\" \/>\r\n<meta property=\"og:site_name\" content=\"Clearon\" \/>\r\n<meta property=\"article:modified_time\" content=\"2026-03-18T13:11:15+00:00\" \/>\r\n<meta property=\"og:image\" content=\"https:\/\/www.clearon.se\/wp-content\/uploads\/2023\/07\/Innovation_generell-bild-3-1024x706.jpg\" \/>\r\n\t<meta property=\"og:image:width\" content=\"1024\" \/>\r\n\t<meta property=\"og:image:height\" content=\"706\" \/>\r\n\t<meta property=\"og:image:type\" content=\"image\/jpeg\" \/>\r\n<meta name=\"twitter:card\" content=\"summary_large_image\" \/>\r\n<meta name=\"twitter:label1\" content=\"Est. reading time\" \/>\n\t<meta name=\"twitter:data1\" content=\"5 minutes\" \/>\r\n<script type=\"application\/ld+json\" class=\"yoast-schema-graph\">{\"@context\":\"https:\/\/schema.org\",\"@graph\":[{\"@type\":\"WebPage\",\"@id\":\"https:\/\/www.clearon.se\/en\/vara-tjanster-sales-promotion-tjanster-checkar\/\",\"url\":\"https:\/\/www.clearon.se\/en\/vara-tjanster-sales-promotion-tjanster-checkar\/\",\"name\":\"H\u00e4r kan du best\u00e4lla glasscheckar till kunder, leverant\u00f6rer, medarbetare\",\"isPartOf\":{\"@id\":\"https:\/\/www.clearon.se\/#website\"},\"primaryImageOfPage\":{\"@id\":\"https:\/\/www.clearon.se\/en\/vara-tjanster-sales-promotion-tjanster-checkar\/#primaryimage\"},\"image\":{\"@id\":\"https:\/\/www.clearon.se\/en\/vara-tjanster-sales-promotion-tjanster-checkar\/#primaryimage\"},\"thumbnailUrl\":\"https:\/\/www.clearon.se\/wp-content\/uploads\/2023\/07\/Innovation_generell-bild-3.jpg\",\"datePublished\":\"2020-07-01T08:33:16+00:00\",\"dateModified\":\"2026-03-18T13:11:15+00:00\",\"description\":\"Sverigechecken fr\u00e5n ClearOn \u00e4r ett smart alternativ till kedjespecifika presentkort. En fin g\u00e5va att ge fr\u00e5n alla typer av f\u00f6retag.\",\"breadcrumb\":{\"@id\":\"https:\/\/www.clearon.se\/en\/vara-tjanster-sales-promotion-tjanster-checkar\/#breadcrumb\"},\"inLanguage\":\"en-US\",\"potentialAction\":[{\"@type\":\"ReadAction\",\"target\":[\"https:\/\/www.clearon.se\/en\/vara-tjanster-sales-promotion-tjanster-checkar\/\"]}]},{\"@type\":\"ImageObject\",\"inLanguage\":\"en-US\",\"@id\":\"https:\/\/www.clearon.se\/en\/vara-tjanster-sales-promotion-tjanster-checkar\/#primaryimage\",\"url\":\"https:\/\/www.clearon.se\/wp-content\/uploads\/2023\/07\/Innovation_generell-bild-3.jpg\",\"contentUrl\":\"https:\/\/www.clearon.se\/wp-content\/uploads\/2023\/07\/Innovation_generell-bild-3.jpg\",\"width\":2560,\"height\":1766,\"caption\":\"Salsa sauce jars with blanco labels on shelf in the supermarket; Shutterstock ID 1214852620; job_number: -; client: -; other: -; job: -\"},{\"@type\":\"BreadcrumbList\",\"@id\":\"https:\/\/www.clearon.se\/en\/vara-tjanster-sales-promotion-tjanster-checkar\/#breadcrumb\",\"itemListElement\":[{\"@type\":\"ListItem\",\"position\":1,\"name\":\"Hem\",\"item\":\"https:\/\/www.clearon.se\/en\/\"},{\"@type\":\"ListItem\",\"position\":2,\"name\":\"V\u00e4rdecheckar &#038; Presentkort\"}]},{\"@type\":\"WebSite\",\"@id\":\"https:\/\/www.clearon.se\/#website\",\"url\":\"https:\/\/www.clearon.se\/\",\"name\":\"Clearon\",\"description\":\"Ledande inom kuponger och  betaltj\u00e4nster i svensk handel\",\"potentialAction\":[{\"@type\":\"SearchAction\",\"target\":{\"@type\":\"EntryPoint\",\"urlTemplate\":\"https:\/\/www.clearon.se\/?s={search_term_string}\"},\"query-input\":{\"@type\":\"PropertyValueSpecification\",\"valueRequired\":true,\"valueName\":\"search_term_string\"}}],\"inLanguage\":\"en-US\"}]}<\/script>\r\n<!-- \/ Yoast SEO plugin. -->","yoast_head_json":{"title":"H\u00e4r kan du best\u00e4lla glasscheckar till kunder, leverant\u00f6rer, medarbetare","description":"Sverigechecken fr\u00e5n ClearOn \u00e4r ett smart alternativ till kedjespecifika presentkort. En fin g\u00e5va att ge fr\u00e5n alla typer av f\u00f6retag.","robots":{"index":"index","follow":"follow","max-snippet":"max-snippet:-1","max-image-preview":"max-image-preview:large","max-video-preview":"max-video-preview:-1"},"canonical":"https:\/\/www.clearon.se\/en\/vara-tjanster-sales-promotion-tjanster-checkar\/","og_locale":"en_US","og_type":"article","og_title":"H\u00e4r kan du best\u00e4lla glasscheckar till kunder, leverant\u00f6rer, medarbetare","og_description":"Sverigechecken fr\u00e5n ClearOn \u00e4r ett smart alternativ till kedjespecifika presentkort. En fin g\u00e5va att ge fr\u00e5n alla typer av f\u00f6retag.","og_url":"https:\/\/www.clearon.se\/en\/vara-tjanster-sales-promotion-tjanster-checkar\/","og_site_name":"Clearon","article_modified_time":"2026-03-18T13:11:15+00:00","og_image":[{"width":1024,"height":706,"url":"https:\/\/www.clearon.se\/wp-content\/uploads\/2023\/07\/Innovation_generell-bild-3-1024x706.jpg","type":"image\/jpeg"}],"twitter_card":"summary_large_image","twitter_misc":{"Est. reading time":"5 minutes"},"schema":{"@context":"https:\/\/schema.org","@graph":[{"@type":"WebPage","@id":"https:\/\/www.clearon.se\/en\/vara-tjanster-sales-promotion-tjanster-checkar\/","url":"https:\/\/www.clearon.se\/en\/vara-tjanster-sales-promotion-tjanster-checkar\/","name":"H\u00e4r kan du best\u00e4lla glasscheckar till kunder, leverant\u00f6rer, medarbetare","isPartOf":{"@id":"https:\/\/www.clearon.se\/#website"},"primaryImageOfPage":{"@id":"https:\/\/www.clearon.se\/en\/vara-tjanster-sales-promotion-tjanster-checkar\/#primaryimage"},"image":{"@id":"https:\/\/www.clearon.se\/en\/vara-tjanster-sales-promotion-tjanster-checkar\/#primaryimage"},"thumbnailUrl":"https:\/\/www.clearon.se\/wp-content\/uploads\/2023\/07\/Innovation_generell-bild-3.jpg","datePublished":"2020-07-01T08:33:16+00:00","dateModified":"2026-03-18T13:11:15+00:00","description":"Sverigechecken fr\u00e5n ClearOn \u00e4r ett smart alternativ till kedjespecifika presentkort. En fin g\u00e5va att ge fr\u00e5n alla typer av f\u00f6retag.","breadcrumb":{"@id":"https:\/\/www.clearon.se\/en\/vara-tjanster-sales-promotion-tjanster-checkar\/#breadcrumb"},"inLanguage":"en-US","potentialAction":[{"@type":"ReadAction","target":["https:\/\/www.clearon.se\/en\/vara-tjanster-sales-promotion-tjanster-checkar\/"]}]},{"@type":"ImageObject","inLanguage":"en-US","@id":"https:\/\/www.clearon.se\/en\/vara-tjanster-sales-promotion-tjanster-checkar\/#primaryimage","url":"https:\/\/www.clearon.se\/wp-content\/uploads\/2023\/07\/Innovation_generell-bild-3.jpg","contentUrl":"https:\/\/www.clearon.se\/wp-content\/uploads\/2023\/07\/Innovation_generell-bild-3.jpg","width":2560,"height":1766,"caption":"Salsa sauce jars with blanco labels on shelf in the supermarket; Shutterstock ID 1214852620; job_number: -; client: -; other: -; job: -"},{"@type":"BreadcrumbList","@id":"https:\/\/www.clearon.se\/en\/vara-tjanster-sales-promotion-tjanster-checkar\/#breadcrumb","itemListElement":[{"@type":"ListItem","position":1,"name":"Hem","item":"https:\/\/www.clearon.se\/en\/"},{"@type":"ListItem","position":2,"name":"V\u00e4rdecheckar &#038; Presentkort"}]},{"@type":"WebSite","@id":"https:\/\/www.clearon.se\/#website","url":"https:\/\/www.clearon.se\/","name":"Clearon","description":"Ledande inom kuponger och  betaltj\u00e4nster i svensk handel","potentialAction":[{"@type":"SearchAction","target":{"@type":"EntryPoint","urlTemplate":"https:\/\/www.clearon.se\/?s={search_term_string}"},"query-input":{"@type":"PropertyValueSpecification","valueRequired":true,"valueName":"search_term_string"}}],"inLanguage":"en-US"}]}},"_links":{"self":[{"href":"https:\/\/www.clearon.se\/en\/wp-json\/wp\/v2\/pages\/2433\/"}],"collection":[{"href":"https:\/\/www.clearon.se\/en\/wp-json\/wp\/v2\/pages\/"}],"about":[{"href":"https:\/\/www.clearon.se\/en\/wp-json\/wp\/v2\/types\/page\/"}],"author":[{"embeddable":true,"href":"https:\/\/www.clearon.se\/en\/wp-json\/wp\/v2\/users\/1\/"}],"replies":[{"embeddable":true,"href":"https:\/\/www.clearon.se\/en\/wp-json\/wp\/v2\/comments\/?post=2433"}],"version-history":[{"count":51,"href":"https:\/\/www.clearon.se\/en\/wp-json\/wp\/v2\/pages\/2433\/revisions\/"}],"predecessor-version":[{"id":14574,"href":"https:\/\/www.clearon.se\/en\/wp-json\/wp\/v2\/pages\/2433\/revisions\/14574\/"}],"wp:featuredmedia":[{"embeddable":true,"href":"https:\/\/www.clearon.se\/en\/wp-json\/wp\/v2\/media\/10604\/"}],"wp:attachment":[{"href":"https:\/\/www.clearon.se\/en\/wp-json\/wp\/v2\/media\/?parent=2433"}],"wp:term":[{"taxonomy":"category","embeddable":true,"href":"https:\/\/www.clearon.se\/en\/wp-json\/wp\/v2\/categories\/?post=2433"},{"taxonomy":"post_tag","embeddable":true,"href":"https:\/\/www.clearon.se\/en\/wp-json\/wp\/v2\/tags\/?post=2433"}],"curies":[{"name":"wp","href":"https:\/\/api.w.org\/{rel}","templated":true}]}}