

{"id":2469,"date":"2020-10-23T11:49:10","date_gmt":"2020-10-23T09:49:10","guid":{"rendered":"https:\/\/www.clearon.se\/?page_id=2469"},"modified":"2024-10-09T16:01:46","modified_gmt":"2024-10-09T14:01:46","slug":"kontakt","status":"publish","type":"page","link":"https:\/\/www.clearon.se\/en\/support\/kontakt\/","title":{"rendered":"Contact us"},"content":{"rendered":"<div class=\"wpb-content-wrapper\"><p>[vc_row css=&#8221;.vc_custom_1696852788225{background-color: #f4f1e9 !important;}&#8221; el_class=&#8221;padding-inner two-cols-center beige&#8221;][vc_column width=&#8221;1\/2&#8243;][vc_column_text css=&#8221;.vc_custom_1603875373367{background-position: center !important;background-repeat: no-repeat !important;background-size: cover !important;}&#8221;]<\/p>\n<h2>Do you have any questions about V\u00e4rdeavier?<\/h2>\n<p>&nbsp;<\/p>\n<p>If you are a private individual or company and have received a V\u00e4rdeavi money order, you can learn more about the service and how to redeem it. Just click on the button below.<\/p>\n<p>[\/vc_column_text][vc_btn title=&#8221;Click here&#8221; link=&#8221;url:https%3A%2F%2Fwww.clearon.se%2Fen%2Fsupport%2Fquestions-answers%2F|title:Till%20Kassagirot||&#8221; el_class=&#8221;btn btn-primary&#8221;][\/vc_column][vc_column width=&#8221;1\/2&#8243;][vc_single_image image=&#8221;851&#8243; img_size=&#8221;large&#8221;][\/vc_column][\/vc_row][vc_row css=&#8221;.vc_custom_1696852956242{background-color: #f4f1e9 !important;}&#8221; el_class=&#8221;padding-inner two-cols-center-no-align beige-dark&#8221;][vc_column][vc_column_text]<\/p>\n<h2>You are welcome to contact our friendly customer service agents.<\/h2>\n<p>We will help you and answer any questions about our services.<\/p>\n<p>Phone or<a href=\"mailto:kundsupport@clearon.se\"> email<\/a> us, and we will help you as soon as we can.[\/vc_column_text][\/vc_column][\/vc_row][vc_row el_class=&#8221;padding-inner two-cols-center-no-align beige&#8221; css=&#8221;.vc_custom_1696852984838{background-color: #d9d6cc !important;}&#8221;][vc_column width=&#8221;1\/3&#8243;][vc_column_text]<\/p>\n<h2 style=\"text-align: left;\"><strong>Support<\/strong><\/h2>\n<p>[\/vc_column_text][\/vc_column][vc_column width=&#8221;1\/3&#8243;][vc_column_text]<strong>Shop support<\/strong><\/p>\n<p>Phone number: <a href=\"tel:020-31%2054%2086\">020-31 54 86<\/a><br \/>\nFax:\u00a008-588 340 40<br \/>\nEmail address: <a href=\"mailto:kundsupport@clearon.se\">kundsupport@clearon.se<\/a><br \/>\nOpening hours: Business days 9:00 \u2013 17:00<\/p>\n<p><strong>Wave Support<\/strong><\/p>\n<p>Phone number: <a href=\"tel:020-31%2054%2086\">020-31 54 86<\/a><br \/>\nEmail address: <a href=\"mailto:wave@clearon.se\">wave@clearon.se<\/a><br \/>\nOpeing hours: Business days 9:00 \u2013 16:00<br \/>\n<strong>NB!<\/strong> On-call services handles emergency downtime outside regular opening hours.<\/p>\n<p><strong>Financial support<\/strong><\/p>\n<p>Phone number: <a href=\"tel:08-588%20340%2030\">08-588 340 30<\/a><br \/>\nFax:\u00a008-588 340 40<br \/>\nEmail address: <a href=\"mailto:ekonomi@clearon.se\">ekonomi@clearon.se<\/a><br \/>\nOpening hours: Business days 9:00 &#8211; 12:00[\/vc_column_text][\/vc_column][vc_column width=&#8221;1\/3&#8243;][vc_column_text]<strong>Campaign and sales support<\/strong><\/p>\n<p>Phone number: <a href=\"tel:08-588%20340%2059\">08-588 340 59<\/a><br \/>\nFax:\u00a008-588 340 40<br \/>\nEmail address: <a href=\"mailto:clearonline@clearon.se\">clearonline@clearon.se<\/a><br \/>\nOpening hours: Business days 9:00 &#8211; 17:00<\/p>\n<p><strong>Customer support Private Person<\/strong><\/p>\n<p>Phone number: <a href=\"tel:020-78%2022%2022\">020-78 22 22<\/a><br \/>\nFax:\u00a008-588 340 40<br \/>\nEmail address: <a href=\"mailto:kundsupport@clearon.se\">kundsupport@clearon.se<\/a><br \/>\nOpening hours: Business days 9:00 \u2013 12:00[\/vc_column_text][\/vc_column][\/vc_row][vc_row css=&#8221;.vc_custom_1696853010022{background-color: #f4f1e9 !important;}&#8221; el_class=&#8221;padding-inner two-cols-center-no-align beige-dark&#8221;][vc_column width=&#8221;1\/3&#8243;][vc_column_text]<\/p>\n<h2 style=\"text-align: left;\">Sales &amp; Marketing<\/h2>\n<p>[\/vc_column_text][\/vc_column][vc_column width=&#8221;1\/3&#8243;][vc_column_text]Email adress: <a href=\"mailto:hello@clearon.se\">hello@clearon.se<\/a>[\/vc_column_text][\/vc_column][vc_column width=&#8221;1\/3&#8243;][\/vc_column][\/vc_row][vc_row disable_element=&#8221;yes&#8221; css=&#8221;.vc_custom_1600240164438{background-color: #f4f4f4 !important;}&#8221; el_class=&#8221;padding-inner two-cols-center-no-align&#8221;][vc_column width=&#8221;1\/3&#8243;][vc_column_text]<\/p>\n<h2 style=\"text-align: left;\"><strong>S\u00e4lj &amp; marknad<\/strong><\/h2>\n<p>[\/vc_column_text][\/vc_column][vc_column width=&#8221;1\/3&#8243;][vc_column_text]<strong>S\u00e4ljansvarig Butik\/ombud<br \/>\n<\/strong>E-post:\u00a0<a href=\"mailto:info@clearon.se\">info@clearon.se<\/a>[\/vc_column_text][vc_column_text]<strong>Produktchef Unimon Resevaluta<br \/>\n<\/strong>E-post:\u00a0<a href=\"mailto:info@clearon.se\">info@clearon.se<\/a>[\/vc_column_text][vc_column_text]<strong>Projektledning Wave Kassasystem<br \/>\n<\/strong>E-post:\u00a0<a href=\"mailto:info@clearon.se\">info@clearon.se<\/a>[\/vc_column_text][vc_column_text]<strong>Aff\u00e4rsomr\u00e5deschef Clearingtj\u00e4nster<br \/>\n<\/strong>E-post:\u00a0<a href=\"mailto:info@clearon.se\">info@clearon.se<\/a>[\/vc_column_text][vc_column_text]<strong>Produktchef Mobila tj\u00e4nster<br \/>\n<\/strong>E-post:\u00a0<a href=\"mailto:info@clearon.se\">info@clearon.se<\/a>[\/vc_column_text][\/vc_column][vc_column width=&#8221;1\/3&#8243;][vc_column_text]<strong>Aff\u00e4rsomr\u00e5deschef Kassatj\u00e4nster<br \/>\n<\/strong>E-post:\u00a0<a href=\"mailto:info@clearon.se\">info@clearon.se<\/a>[\/vc_column_text][vc_column_text]<strong>F\u00f6rs\u00e4ljningschef Butik<br \/>\n<\/strong>E-post:\u00a0<a href=\"mailto:info@clearon.se\">info@clearon.se<\/a>[\/vc_column_text][vc_column_text]<strong>Key Account Manager Clearingtj\u00e4nster<br \/>\n<\/strong>E-post:\u00a0<a href=\"mailto:sales@clearon.se\">sales@clearon.se<\/a>[\/vc_column_text][vc_column_text]<strong>Aff\u00e4rsomr\u00e5deschef Betaltj\u00e4nster<br \/>\n<\/strong>E-post:\u00a0<a href=\"mailto:info@clearon.se\">info@clearon.se<\/a>[\/vc_column_text][vc_column_text]<strong>Marknadschef<br \/>\n<\/strong>E-post:\u00a0<a href=\"mailto:info@clearon.se\">info@clearon.se<\/a>[\/vc_column_text][\/vc_column][\/vc_row]<\/p>\n<\/div>","protected":false},"excerpt":{"rendered":"<p>[vc_row css=&#8221;.vc_custom_1696852788225{background-color: #f4f1e9 !important;}&#8221; el_class=&#8221;padding-inner two-cols-center beige&#8221;][vc_column width=&#8221;1\/2&#8243;][vc_column_text css=&#8221;.vc_custom_1603875373367{background-position: center !important;background-repeat: no-repeat !important;background-size: cover !important;}&#8221;] Do you have any questions about V\u00e4rdeavier? &nbsp; If you are a private individual or [&hellip;]<\/p>\n","protected":false},"author":2,"featured_media":1256,"parent":1113,"menu_order":0,"comment_status":"closed","ping_status":"closed","template":"templates\/template-standard.php","meta":{"footnotes":""},"categories":[],"tags":[],"class_list":["post-2469","page","type-page","status-publish","has-post-thumbnail","hentry"],"yoast_head":"<!-- This site is optimized with the Yoast SEO plugin v25.7 - https:\/\/yoast.com\/wordpress\/plugins\/seo\/ -->\r\n<title>Contact us - Clearon<\/title>\r\n<meta name=\"description\" content=\"You are welcome to contact ClearOns friendly customer service agents. We will help you and answer any questions about our services.\" \/>\r\n<meta name=\"robots\" content=\"index, follow, max-snippet:-1, max-image-preview:large, max-video-preview:-1\" \/>\r\n<link rel=\"canonical\" href=\"https:\/\/www.clearon.se\/en\/support\/kontakt\/\" \/>\r\n<meta property=\"og:locale\" content=\"en_US\" \/>\r\n<meta property=\"og:type\" content=\"article\" \/>\r\n<meta property=\"og:title\" content=\"Contact us - Clearon\" \/>\r\n<meta property=\"og:description\" content=\"You are welcome to contact ClearOns friendly customer service agents. We will help you and answer any questions about our services.\" \/>\r\n<meta property=\"og:url\" content=\"https:\/\/www.clearon.se\/en\/support\/kontakt\/\" \/>\r\n<meta property=\"og:site_name\" content=\"Clearon\" \/>\r\n<meta property=\"article:modified_time\" content=\"2024-10-09T14:01:46+00:00\" \/>\r\n<meta property=\"og:image\" content=\"https:\/\/www.clearon.se\/wp-content\/uploads\/2020\/09\/Kundtj\u00e4nst_mini_avl\u00e5ng.jpg\" \/>\r\n\t<meta property=\"og:image:width\" content=\"1274\" \/>\r\n\t<meta property=\"og:image:height\" content=\"594\" \/>\r\n\t<meta property=\"og:image:type\" content=\"image\/jpeg\" \/>\r\n<meta name=\"twitter:card\" content=\"summary_large_image\" \/>\r\n<meta name=\"twitter:label1\" content=\"Est. reading time\" \/>\n\t<meta name=\"twitter:data1\" content=\"2 minutes\" \/>\r\n<script type=\"application\/ld+json\" class=\"yoast-schema-graph\">{\"@context\":\"https:\/\/schema.org\",\"@graph\":[{\"@type\":\"WebPage\",\"@id\":\"https:\/\/www.clearon.se\/en\/support\/kontakt\/\",\"url\":\"https:\/\/www.clearon.se\/en\/support\/kontakt\/\",\"name\":\"Contact us - Clearon\",\"isPartOf\":{\"@id\":\"https:\/\/www.clearon.se\/#website\"},\"primaryImageOfPage\":{\"@id\":\"https:\/\/www.clearon.se\/en\/support\/kontakt\/#primaryimage\"},\"image\":{\"@id\":\"https:\/\/www.clearon.se\/en\/support\/kontakt\/#primaryimage\"},\"thumbnailUrl\":\"https:\/\/www.clearon.se\/wp-content\/uploads\/2020\/09\/Kundtj\u00e4nst_mini_avl\u00e5ng.jpg\",\"datePublished\":\"2020-10-23T09:49:10+00:00\",\"dateModified\":\"2024-10-09T14:01:46+00:00\",\"description\":\"You are welcome to contact ClearOns friendly customer service agents. We will help you and answer any questions about our services.\",\"breadcrumb\":{\"@id\":\"https:\/\/www.clearon.se\/en\/support\/kontakt\/#breadcrumb\"},\"inLanguage\":\"en-US\",\"potentialAction\":[{\"@type\":\"ReadAction\",\"target\":[\"https:\/\/www.clearon.se\/en\/support\/kontakt\/\"]}]},{\"@type\":\"ImageObject\",\"inLanguage\":\"en-US\",\"@id\":\"https:\/\/www.clearon.se\/en\/support\/kontakt\/#primaryimage\",\"url\":\"https:\/\/www.clearon.se\/wp-content\/uploads\/2020\/09\/Kundtj\u00e4nst_mini_avl\u00e5ng.jpg\",\"contentUrl\":\"https:\/\/www.clearon.se\/wp-content\/uploads\/2020\/09\/Kundtj\u00e4nst_mini_avl\u00e5ng.jpg\",\"width\":1274,\"height\":594,\"caption\":\"ClearOn kundsupport\"},{\"@type\":\"BreadcrumbList\",\"@id\":\"https:\/\/www.clearon.se\/en\/support\/kontakt\/#breadcrumb\",\"itemListElement\":[{\"@type\":\"ListItem\",\"position\":1,\"name\":\"Hem\",\"item\":\"https:\/\/www.clearon.se\/en\/\"},{\"@type\":\"ListItem\",\"position\":2,\"name\":\"Support\",\"item\":\"https:\/\/www.clearon.se\/en\/support\/\"},{\"@type\":\"ListItem\",\"position\":3,\"name\":\"Contact us\"}]},{\"@type\":\"WebSite\",\"@id\":\"https:\/\/www.clearon.se\/#website\",\"url\":\"https:\/\/www.clearon.se\/\",\"name\":\"Clearon\",\"description\":\"Ledande inom kuponger och  betaltj\u00e4nster i svensk handel\",\"potentialAction\":[{\"@type\":\"SearchAction\",\"target\":{\"@type\":\"EntryPoint\",\"urlTemplate\":\"https:\/\/www.clearon.se\/?s={search_term_string}\"},\"query-input\":{\"@type\":\"PropertyValueSpecification\",\"valueRequired\":true,\"valueName\":\"search_term_string\"}}],\"inLanguage\":\"en-US\"}]}<\/script>\r\n<!-- \/ Yoast SEO plugin. -->","yoast_head_json":{"title":"Contact us - Clearon","description":"You are welcome to contact ClearOns friendly customer service agents. We will help you and answer any questions about our services.","robots":{"index":"index","follow":"follow","max-snippet":"max-snippet:-1","max-image-preview":"max-image-preview:large","max-video-preview":"max-video-preview:-1"},"canonical":"https:\/\/www.clearon.se\/en\/support\/kontakt\/","og_locale":"en_US","og_type":"article","og_title":"Contact us - Clearon","og_description":"You are welcome to contact ClearOns friendly customer service agents. We will help you and answer any questions about our services.","og_url":"https:\/\/www.clearon.se\/en\/support\/kontakt\/","og_site_name":"Clearon","article_modified_time":"2024-10-09T14:01:46+00:00","og_image":[{"width":1274,"height":594,"url":"https:\/\/www.clearon.se\/wp-content\/uploads\/2020\/09\/Kundtj\u00e4nst_mini_avl\u00e5ng.jpg","type":"image\/jpeg"}],"twitter_card":"summary_large_image","twitter_misc":{"Est. reading time":"2 minutes"},"schema":{"@context":"https:\/\/schema.org","@graph":[{"@type":"WebPage","@id":"https:\/\/www.clearon.se\/en\/support\/kontakt\/","url":"https:\/\/www.clearon.se\/en\/support\/kontakt\/","name":"Contact us - Clearon","isPartOf":{"@id":"https:\/\/www.clearon.se\/#website"},"primaryImageOfPage":{"@id":"https:\/\/www.clearon.se\/en\/support\/kontakt\/#primaryimage"},"image":{"@id":"https:\/\/www.clearon.se\/en\/support\/kontakt\/#primaryimage"},"thumbnailUrl":"https:\/\/www.clearon.se\/wp-content\/uploads\/2020\/09\/Kundtj\u00e4nst_mini_avl\u00e5ng.jpg","datePublished":"2020-10-23T09:49:10+00:00","dateModified":"2024-10-09T14:01:46+00:00","description":"You are welcome to contact ClearOns friendly customer service agents. We will help you and answer any questions about our services.","breadcrumb":{"@id":"https:\/\/www.clearon.se\/en\/support\/kontakt\/#breadcrumb"},"inLanguage":"en-US","potentialAction":[{"@type":"ReadAction","target":["https:\/\/www.clearon.se\/en\/support\/kontakt\/"]}]},{"@type":"ImageObject","inLanguage":"en-US","@id":"https:\/\/www.clearon.se\/en\/support\/kontakt\/#primaryimage","url":"https:\/\/www.clearon.se\/wp-content\/uploads\/2020\/09\/Kundtj\u00e4nst_mini_avl\u00e5ng.jpg","contentUrl":"https:\/\/www.clearon.se\/wp-content\/uploads\/2020\/09\/Kundtj\u00e4nst_mini_avl\u00e5ng.jpg","width":1274,"height":594,"caption":"ClearOn kundsupport"},{"@type":"BreadcrumbList","@id":"https:\/\/www.clearon.se\/en\/support\/kontakt\/#breadcrumb","itemListElement":[{"@type":"ListItem","position":1,"name":"Hem","item":"https:\/\/www.clearon.se\/en\/"},{"@type":"ListItem","position":2,"name":"Support","item":"https:\/\/www.clearon.se\/en\/support\/"},{"@type":"ListItem","position":3,"name":"Contact us"}]},{"@type":"WebSite","@id":"https:\/\/www.clearon.se\/#website","url":"https:\/\/www.clearon.se\/","name":"Clearon","description":"Ledande inom kuponger och  betaltj\u00e4nster i svensk handel","potentialAction":[{"@type":"SearchAction","target":{"@type":"EntryPoint","urlTemplate":"https:\/\/www.clearon.se\/?s={search_term_string}"},"query-input":{"@type":"PropertyValueSpecification","valueRequired":true,"valueName":"search_term_string"}}],"inLanguage":"en-US"}]}},"_links":{"self":[{"href":"https:\/\/www.clearon.se\/en\/wp-json\/wp\/v2\/pages\/2469\/"}],"collection":[{"href":"https:\/\/www.clearon.se\/en\/wp-json\/wp\/v2\/pages\/"}],"about":[{"href":"https:\/\/www.clearon.se\/en\/wp-json\/wp\/v2\/types\/page\/"}],"author":[{"embeddable":true,"href":"https:\/\/www.clearon.se\/en\/wp-json\/wp\/v2\/users\/2\/"}],"replies":[{"embeddable":true,"href":"https:\/\/www.clearon.se\/en\/wp-json\/wp\/v2\/comments\/?post=2469"}],"version-history":[{"count":2,"href":"https:\/\/www.clearon.se\/en\/wp-json\/wp\/v2\/pages\/2469\/revisions\/"}],"predecessor-version":[{"id":13485,"href":"https:\/\/www.clearon.se\/en\/wp-json\/wp\/v2\/pages\/2469\/revisions\/13485\/"}],"up":[{"embeddable":true,"href":"https:\/\/www.clearon.se\/en\/wp-json\/wp\/v2\/pages\/1113\/"}],"wp:featuredmedia":[{"embeddable":true,"href":"https:\/\/www.clearon.se\/en\/wp-json\/wp\/v2\/media\/1256\/"}],"wp:attachment":[{"href":"https:\/\/www.clearon.se\/en\/wp-json\/wp\/v2\/media\/?parent=2469"}],"wp:term":[{"taxonomy":"category","embeddable":true,"href":"https:\/\/www.clearon.se\/en\/wp-json\/wp\/v2\/categories\/?post=2469"},{"taxonomy":"post_tag","embeddable":true,"href":"https:\/\/www.clearon.se\/en\/wp-json\/wp\/v2\/tags\/?post=2469"}],"curies":[{"name":"wp","href":"https:\/\/api.w.org\/{rel}","templated":true}]}}