

{"id":2475,"date":"2020-10-23T11:57:17","date_gmt":"2020-10-23T09:57:17","guid":{"rendered":"https:\/\/www.clearon.se\/?page_id=2475"},"modified":"2021-01-08T15:32:14","modified_gmt":"2021-01-08T14:32:14","slug":"artiklar","status":"publish","type":"page","link":"https:\/\/www.clearon.se\/en\/artiklar\/","title":{"rendered":"Articles"},"content":{"rendered":"<div class=\"wpb-content-wrapper\"><p>[vc_row css=&#8221;.vc_custom_1602221550086{background-color: #ffffff !important;}&#8221; el_class=&#8221;padding-inner two-cols-center-no-align&#8221;][vc_column][vc_column_text]<\/p>\r\n<h2><strong>Read our latest articles! <\/strong><\/h2>\r\n<p>Here we provide news and trends, offer tips and inspiration for creating simpler, smarter and faster services for your customers.<\/p>\r\n<p><strong>Enjoy the read!<\/strong><\/p>\r\n<p>&nbsp;<\/p>\r\n<p><strong><em>NB Only in Swedish<\/em><\/strong><\/p>\r\n<div class=\"wpb_text_column wpb_content_element \">\r\n<div class=\"wpb_wrapper\">\r\n<p><a href=\"https:\/\/www.clearon.se\/artiklar\/artikel1_nov20\/\"><strong>Coca-Cola tar hj\u00e4lp av ClearOn f\u00f6r kontoins\u00e4ttning<\/strong><\/a><\/p>\r\n<p><a href=\"https:\/\/www.clearon.se\/artiklar\/artikel2_nov20\/\"><strong>\u201dKuponger \u00e4r rock\u2019n roll\u201d<\/strong><\/a><\/p>\r\n<p><a href=\"https:\/\/www.clearon.se\/artiklar\/artikel5_nov20\/\"><strong>\u201dSt\u00e4ll m\u00e5nga fr\u00e5gor och v\u00e5ga neka kunden\u201d<\/strong><\/a><\/p>\r\n<p><strong><a href=\"https:\/\/www.clearon.se\/artiklar\/artikel3_nov20\/\">Obemannade kassor = framtiden f\u00f6r servicehandeln<\/a><\/strong><\/p>\r\n<p><strong><a href=\"https:\/\/www.clearon.se\/artiklar\/artikel4_nov20\/\">Framtidens betals\u00e4tt \u00e4r redan h\u00e4r \u2013 s\u00e5 funkar Blippit + Wave<\/a><\/strong><\/p>\r\n<\/div>\r\n<\/div>\r\n<div class=\"wpb_text_column wpb_content_element \">\r\n<div class=\"wpb_wrapper\">\r\n<p>&nbsp;<\/p>\r\n<p><strong>Read our previously published articles<\/strong><\/p>\r\n<\/div>\r\n<\/div>\r\n<p><a href=\"https:\/\/www.clearon.se\/artiklar\/artikel1_okt20\/\"><strong>S\u00e5 bryter du shopperns autopilot<\/strong><\/a><\/p>\r\n<p><a href=\"https:\/\/www.clearon.se\/artiklar\/artikel2_okt20\/\"><strong>D\u00e4rf\u00f6r \u00e4r kuponger s\u00e5 effektivt f\u00f6r varum\u00e4rken<\/strong><\/a><\/p>\r\n<p><a href=\"https:\/\/www.clearon.se\/artiklar\/artikel2butik_okt20\/\"><strong>D\u00e4rf\u00f6r \u00e4r kuponger s\u00e5 effektivt f\u00f6r butiken<\/strong><\/a><\/p>\r\n<p><strong><a href=\"https:\/\/www.clearon.se\/artiklar\/artikel3_okt20\/\">PantaP\u00e5 g\u00f6r skr\u00e4pet till resurser<\/a><\/strong><\/p>\r\n<p><strong><a href=\"https:\/\/www.clearon.se\/artiklar\/artikel5_okt20\/\">S\u00e5 s\u00e4krar du att inl\u00f6sen blir r\u00e4tt<\/a><\/strong><\/p>\r\n<p><a href=\"https:\/\/www.clearon.se\/artikel_okt20_extra\"><strong>Estrella utsedd till \u00c5rets Leverant\u00f6r p\u00e5 Dagligvarugalan<\/strong><\/a><\/p>\r\n<p style=\"text-align: left;\"><strong><a href=\"https:\/\/www.clearon.se\/artikel1_sep20\/\">Kuponger \u2013 ett s\u00e4ljverktyg som h\u00e5ller i l\u00e4ngden<\/a><\/strong><\/p>\r\n<p style=\"text-align: left;\"><strong><a href=\"https:\/\/www.clearon.se\/artikel2_sep20\/\">S\u00e5 skapar du den vinnande kupongen<\/a><\/strong><\/p>\r\n<p style=\"text-align: left;\"><strong><a href=\"https:\/\/www.clearon.se\/artikel3_sep20\/\">Mobil mikrog\u00e5va perfekt i pandemitider<\/a><\/strong><\/p>\r\n<p style=\"text-align: left;\"><strong><a href=\"https:\/\/www.clearon.se\/artikel4_sep20\/\">Nyheter i Plusgirot = m\u00f6jligheter f\u00f6r ombuden!\u00a0<\/a><\/strong><\/p>\r\n<p style=\"text-align: left;\"><strong><a href=\"https:\/\/www.clearon.se\/artikel5_sep20\/\">D\u00e4rf\u00f6r \u00e4r alla ombud viktiga i kampen mot kriminella<\/a><\/strong><\/p>\r\n<p style=\"text-align: left;\"><strong><a href=\"https:\/\/www.clearon.se\/artikel6_sep20\/\">S\u00e5 bidrar nya Wavekassan till tidsvinst och merf\u00f6rs\u00e4ljning<\/a><\/strong><\/p>\r\n<p>[\/vc_column_text][\/vc_column][\/vc_row][vc_row disable_element=&#8221;yes&#8221; el_class=&#8221;padding-inner&#8221; css=&#8221;.vc_custom_1601386689740{background-color: #f4f4f4 !important;}&#8221;][vc_column][vc_column_text css=&#8221;.vc_custom_1600437396964{background-color: #f4f4f4 !important;}&#8221;]<\/p>\r\n<h2 style=\"text-align: left;\">\u00a0<\/h2>\r\n<p>L\u00e4s v\u00e5ra Nyhetsbrev.<\/p>\r\n<p style=\"text-align: left;\">I Nyhetsbreven kan du l\u00e4sa best practice fr\u00e5n dagligvaru- och servicehandeln men \u00e4ven andra branscher. F\u00e5 goda tips och inspireras till nya id\u00e9er.<\/p>\r\n<p style=\"text-align: left;\"><strong>Klicka p\u00e5 de Nyhetsbrev nedan som \u00e4r mest relevanta och intressanta f\u00f6r just dig.<\/strong><\/p>\r\n<p>[\/vc_column_text][\/vc_column][\/vc_row][vc_row disable_element=&#8221;yes&#8221; css=&#8221;.vc_custom_1601386739999{background-color: #ffffff !important;}&#8221;][vc_column width=&#8221;1\/4&#8243;][vc_column_text]<\/p>\r\n<h2 style=\"text-align: center;\"><a href=\"https:\/\/www.anpdm.com\/newsletterweb\/464B58447146435C4178404759\/43415047714141594572424B5B4571\" target=\"_blank\" rel=\"noopener noreferrer\">Sales Promotion<\/a><\/h2>\r\n<p>[\/vc_column_text][\/vc_column][vc_column width=&#8221;1\/4&#8243;][vc_column_text]<\/p>\r\n<h2 style=\"text-align: center;\"><a href=\"https:\/\/www.anpdm.com\/newsletterweb\/464B5844714641594176464559\/43415047714141594572424B5B4571\" target=\"_blank\" rel=\"noopener noreferrer\">Online<\/a><br \/>butiker<\/h2>\r\n<p>[\/vc_column_text][\/vc_column][vc_column width=&#8221;1\/4&#8243;][vc_column_text]<\/p>\r\n<h2 style=\"text-align: center;\"><a href=\"https:\/\/www.anpdm.com\/newsletterweb\/464B58447146415E4477494459\/43415047714141594572424B5B4571\" target=\"_blank\" rel=\"noopener noreferrer\">Kassagirot\u00a0<\/a><br \/>ombud<\/h2>\r\n<p>[\/vc_column_text][\/vc_column][vc_column width=&#8221;1\/4&#8243;][vc_column_text]<\/p>\r\n<h2 style=\"text-align: center;\"><a href=\"https:\/\/www.anpdm.com\/newsletterweb\/464B58447146475E4474414059\/43415047714141594572424B5B4571\" target=\"_blank\" rel=\"noopener noreferrer\">Wave<\/a><br \/>kunder<\/h2>\r\n<p>[\/vc_column_text][\/vc_column][\/vc_row][vc_row disable_element=&#8221;yes&#8221; css=&#8221;.vc_custom_1601386752392{background-color: #ffffff !important;}&#8221;][vc_column width=&#8221;1\/4&#8243;][vc_single_image image=&#8221;975&#8243; alignment=&#8221;center&#8221; style=&#8221;vc_box_border_circle_2&#8243; onclick=&#8221;custom_link&#8221;][\/vc_column][vc_column width=&#8221;1\/4&#8243;][vc_single_image image=&#8221;365&#8243; alignment=&#8221;center&#8221; style=&#8221;vc_box_border_circle_2&#8243; onclick=&#8221;custom_link&#8221;][\/vc_column][vc_column width=&#8221;1\/4&#8243;][vc_single_image image=&#8221;398&#8243; alignment=&#8221;center&#8221; style=&#8221;vc_box_border_circle_2&#8243; onclick=&#8221;custom_link&#8221;][\/vc_column][vc_column width=&#8221;1\/4&#8243;][vc_single_image image=&#8221;27&#8243; alignment=&#8221;center&#8221; style=&#8221;vc_box_border_circle_2&#8243; onclick=&#8221;custom_link&#8221;][\/vc_column][\/vc_row][vc_row disable_element=&#8221;yes&#8221;][vc_column width=&#8221;1\/2&#8243;][vc_single_image image=&#8221;975&#8243; img_size=&#8221;medium&#8221; alignment=&#8221;center&#8221; style=&#8221;vc_box_border_circle_2&#8243; onclick=&#8221;custom_link&#8221; title=&#8221;Sales Promo&#8221; link=&#8221;http:\/\/clearon.41.roxx.se\/artikel_spsep20\/&#8221;][vc_single_image image=&#8221;27&#8243; img_size=&#8221;medium&#8221; alignment=&#8221;center&#8221; style=&#8221;vc_box_outline&#8221; onclick=&#8221;custom_link&#8221; title=&#8221;Wave kunder&#8221; link=&#8221;https:\/\/www.clearon.se\/inspiration\/Wave-moter-sjalvbetjaningstrenden\/&#8221;][\/vc_column][vc_column width=&#8221;1\/2&#8243;][vc_single_image image=&#8221;856&#8243; img_size=&#8221;medium&#8221; alignment=&#8221;center&#8221; style=&#8221;vc_box_border_circle_2&#8243; onclick=&#8221;custom_link&#8221; title=&#8221;Kassagirot&#8221; link=&#8221;https:\/\/www.clearon.se\/inspiration\/Mot-framtiden-med-Blippit\/&#8221;][vc_single_image image=&#8221;365&#8243; img_size=&#8221;medium&#8221; alignment=&#8221;center&#8221; style=&#8221;vc_box_outline&#8221; onclick=&#8221;custom_link&#8221; title=&#8221;Online-butiker&#8221; link=&#8221;https:\/\/www.clearon.se\/inspiration\/Appen-som-ska-fa-oss-att-panta-mer\/&#8221;][\/vc_column][\/vc_row][vc_row][vc_column][vc_column_text]<\/p>\r\n<p>[\/vc_column_text][\/vc_column][\/vc_row]<\/p><\/div>","protected":false},"excerpt":{"rendered":"<p>[vc_row css=&#8221;.vc_custom_1602221550086{background-color: #ffffff !important;}&#8221; el_class=&#8221;padding-inner two-cols-center-no-align&#8221;][vc_column][vc_column_text] Read our latest articles! Here we provide news and trends, offer tips and inspiration for creating simpler, smarter and faster services for your customers. [&hellip;]<\/p>\n","protected":false},"author":2,"featured_media":10012,"parent":0,"menu_order":12,"comment_status":"closed","ping_status":"closed","template":"templates\/template-articlePage.php","meta":{"footnotes":""},"categories":[],"tags":[],"class_list":["post-2475","page","type-page","status-publish","has-post-thumbnail","hentry"],"yoast_head":"<!-- This site is optimized with the Yoast SEO plugin v25.7 - https:\/\/yoast.com\/wordpress\/plugins\/seo\/ -->\r\n<title>Articles - Clearon<\/title>\r\n<meta name=\"description\" content=\"Here we offer news and industry trends, give you tips and inspiration to create simpler, smarter and faster offers.\" \/>\r\n<meta name=\"robots\" content=\"index, follow, max-snippet:-1, max-image-preview:large, max-video-preview:-1\" \/>\r\n<link rel=\"canonical\" href=\"https:\/\/www.clearon.se\/en\/artiklar\/\" \/>\r\n<meta property=\"og:locale\" content=\"en_US\" \/>\r\n<meta property=\"og:type\" content=\"article\" \/>\r\n<meta property=\"og:title\" content=\"Articles - Clearon\" \/>\r\n<meta property=\"og:description\" content=\"Here we offer news and industry trends, give you tips and inspiration to create simpler, smarter and faster offers.\" \/>\r\n<meta property=\"og:url\" content=\"https:\/\/www.clearon.se\/en\/artiklar\/\" \/>\r\n<meta property=\"og:site_name\" content=\"Clearon\" \/>\r\n<meta property=\"article:modified_time\" content=\"2021-01-08T14:32:14+00:00\" \/>\r\n<meta property=\"og:image\" content=\"https:\/\/www.clearon.se\/wp-content\/uploads\/2023\/03\/ClearOn-tips-och-inspiration-2023-1024x381.jpg\" \/>\r\n\t<meta property=\"og:image:width\" content=\"1024\" \/>\r\n\t<meta property=\"og:image:height\" content=\"381\" \/>\r\n\t<meta property=\"og:image:type\" content=\"image\/jpeg\" \/>\r\n<meta name=\"twitter:card\" content=\"summary_large_image\" \/>\r\n<meta name=\"twitter:label1\" content=\"Est. reading time\" \/>\n\t<meta name=\"twitter:data1\" content=\"3 minutes\" \/>\r\n<script type=\"application\/ld+json\" class=\"yoast-schema-graph\">{\"@context\":\"https:\/\/schema.org\",\"@graph\":[{\"@type\":\"WebPage\",\"@id\":\"https:\/\/www.clearon.se\/en\/artiklar\/\",\"url\":\"https:\/\/www.clearon.se\/en\/artiklar\/\",\"name\":\"Articles - Clearon\",\"isPartOf\":{\"@id\":\"https:\/\/www.clearon.se\/#website\"},\"primaryImageOfPage\":{\"@id\":\"https:\/\/www.clearon.se\/en\/artiklar\/#primaryimage\"},\"image\":{\"@id\":\"https:\/\/www.clearon.se\/en\/artiklar\/#primaryimage\"},\"thumbnailUrl\":\"https:\/\/www.clearon.se\/wp-content\/uploads\/2023\/03\/ClearOn-tips-och-inspiration-2023.jpg\",\"datePublished\":\"2020-10-23T09:57:17+00:00\",\"dateModified\":\"2021-01-08T14:32:14+00:00\",\"description\":\"Here we offer news and industry trends, give you tips and inspiration to create simpler, smarter and faster offers.\",\"breadcrumb\":{\"@id\":\"https:\/\/www.clearon.se\/en\/artiklar\/#breadcrumb\"},\"inLanguage\":\"en-US\",\"potentialAction\":[{\"@type\":\"ReadAction\",\"target\":[\"https:\/\/www.clearon.se\/en\/artiklar\/\"]}]},{\"@type\":\"ImageObject\",\"inLanguage\":\"en-US\",\"@id\":\"https:\/\/www.clearon.se\/en\/artiklar\/#primaryimage\",\"url\":\"https:\/\/www.clearon.se\/wp-content\/uploads\/2023\/03\/ClearOn-tips-och-inspiration-2023.jpg\",\"contentUrl\":\"https:\/\/www.clearon.se\/wp-content\/uploads\/2023\/03\/ClearOn-tips-och-inspiration-2023.jpg\",\"width\":2560,\"height\":953},{\"@type\":\"BreadcrumbList\",\"@id\":\"https:\/\/www.clearon.se\/en\/artiklar\/#breadcrumb\",\"itemListElement\":[{\"@type\":\"ListItem\",\"position\":1,\"name\":\"Hem\",\"item\":\"https:\/\/www.clearon.se\/en\/\"},{\"@type\":\"ListItem\",\"position\":2,\"name\":\"Articles\"}]},{\"@type\":\"WebSite\",\"@id\":\"https:\/\/www.clearon.se\/#website\",\"url\":\"https:\/\/www.clearon.se\/\",\"name\":\"Clearon\",\"description\":\"Ledande inom kuponger och  betaltj\u00e4nster i svensk handel\",\"potentialAction\":[{\"@type\":\"SearchAction\",\"target\":{\"@type\":\"EntryPoint\",\"urlTemplate\":\"https:\/\/www.clearon.se\/?s={search_term_string}\"},\"query-input\":{\"@type\":\"PropertyValueSpecification\",\"valueRequired\":true,\"valueName\":\"search_term_string\"}}],\"inLanguage\":\"en-US\"}]}<\/script>\r\n<!-- \/ Yoast SEO plugin. -->","yoast_head_json":{"title":"Articles - Clearon","description":"Here we offer news and industry trends, give you tips and inspiration to create simpler, smarter and faster offers.","robots":{"index":"index","follow":"follow","max-snippet":"max-snippet:-1","max-image-preview":"max-image-preview:large","max-video-preview":"max-video-preview:-1"},"canonical":"https:\/\/www.clearon.se\/en\/artiklar\/","og_locale":"en_US","og_type":"article","og_title":"Articles - Clearon","og_description":"Here we offer news and industry trends, give you tips and inspiration to create simpler, smarter and faster offers.","og_url":"https:\/\/www.clearon.se\/en\/artiklar\/","og_site_name":"Clearon","article_modified_time":"2021-01-08T14:32:14+00:00","og_image":[{"width":1024,"height":381,"url":"https:\/\/www.clearon.se\/wp-content\/uploads\/2023\/03\/ClearOn-tips-och-inspiration-2023-1024x381.jpg","type":"image\/jpeg"}],"twitter_card":"summary_large_image","twitter_misc":{"Est. reading time":"3 minutes"},"schema":{"@context":"https:\/\/schema.org","@graph":[{"@type":"WebPage","@id":"https:\/\/www.clearon.se\/en\/artiklar\/","url":"https:\/\/www.clearon.se\/en\/artiklar\/","name":"Articles - Clearon","isPartOf":{"@id":"https:\/\/www.clearon.se\/#website"},"primaryImageOfPage":{"@id":"https:\/\/www.clearon.se\/en\/artiklar\/#primaryimage"},"image":{"@id":"https:\/\/www.clearon.se\/en\/artiklar\/#primaryimage"},"thumbnailUrl":"https:\/\/www.clearon.se\/wp-content\/uploads\/2023\/03\/ClearOn-tips-och-inspiration-2023.jpg","datePublished":"2020-10-23T09:57:17+00:00","dateModified":"2021-01-08T14:32:14+00:00","description":"Here we offer news and industry trends, give you tips and inspiration to create simpler, smarter and faster offers.","breadcrumb":{"@id":"https:\/\/www.clearon.se\/en\/artiklar\/#breadcrumb"},"inLanguage":"en-US","potentialAction":[{"@type":"ReadAction","target":["https:\/\/www.clearon.se\/en\/artiklar\/"]}]},{"@type":"ImageObject","inLanguage":"en-US","@id":"https:\/\/www.clearon.se\/en\/artiklar\/#primaryimage","url":"https:\/\/www.clearon.se\/wp-content\/uploads\/2023\/03\/ClearOn-tips-och-inspiration-2023.jpg","contentUrl":"https:\/\/www.clearon.se\/wp-content\/uploads\/2023\/03\/ClearOn-tips-och-inspiration-2023.jpg","width":2560,"height":953},{"@type":"BreadcrumbList","@id":"https:\/\/www.clearon.se\/en\/artiklar\/#breadcrumb","itemListElement":[{"@type":"ListItem","position":1,"name":"Hem","item":"https:\/\/www.clearon.se\/en\/"},{"@type":"ListItem","position":2,"name":"Articles"}]},{"@type":"WebSite","@id":"https:\/\/www.clearon.se\/#website","url":"https:\/\/www.clearon.se\/","name":"Clearon","description":"Ledande inom kuponger och  betaltj\u00e4nster i svensk handel","potentialAction":[{"@type":"SearchAction","target":{"@type":"EntryPoint","urlTemplate":"https:\/\/www.clearon.se\/?s={search_term_string}"},"query-input":{"@type":"PropertyValueSpecification","valueRequired":true,"valueName":"search_term_string"}}],"inLanguage":"en-US"}]}},"_links":{"self":[{"href":"https:\/\/www.clearon.se\/en\/wp-json\/wp\/v2\/pages\/2475\/"}],"collection":[{"href":"https:\/\/www.clearon.se\/en\/wp-json\/wp\/v2\/pages\/"}],"about":[{"href":"https:\/\/www.clearon.se\/en\/wp-json\/wp\/v2\/types\/page\/"}],"author":[{"embeddable":true,"href":"https:\/\/www.clearon.se\/en\/wp-json\/wp\/v2\/users\/2\/"}],"replies":[{"embeddable":true,"href":"https:\/\/www.clearon.se\/en\/wp-json\/wp\/v2\/comments\/?post=2475"}],"version-history":[{"count":0,"href":"https:\/\/www.clearon.se\/en\/wp-json\/wp\/v2\/pages\/2475\/revisions\/"}],"wp:featuredmedia":[{"embeddable":true,"href":"https:\/\/www.clearon.se\/en\/wp-json\/wp\/v2\/media\/10012\/"}],"wp:attachment":[{"href":"https:\/\/www.clearon.se\/en\/wp-json\/wp\/v2\/media\/?parent=2475"}],"wp:term":[{"taxonomy":"category","embeddable":true,"href":"https:\/\/www.clearon.se\/en\/wp-json\/wp\/v2\/categories\/?post=2475"},{"taxonomy":"post_tag","embeddable":true,"href":"https:\/\/www.clearon.se\/en\/wp-json\/wp\/v2\/tags\/?post=2475"}],"curies":[{"name":"wp","href":"https:\/\/api.w.org\/{rel}","templated":true}]}}