

{"id":7756,"date":"2022-01-18T15:21:16","date_gmt":"2022-01-18T14:21:16","guid":{"rendered":"https:\/\/www.clearon.se\/activate-interactive-campaign-pages\/"},"modified":"2024-10-10T13:18:22","modified_gmt":"2024-10-10T11:18:22","slug":"kampanja","status":"publish","type":"page","link":"https:\/\/www.clearon.se\/en\/our-services\/sales-promotion-tjanster\/kampanja\/","title":{"rendered":"Interactive &#8211; Kampanja"},"content":{"rendered":"<div class=\"wpb-content-wrapper\"><p>[vc_section el_class=&#8221;r-section beige&#8221; css=&#8221;.vc_custom_1696840712581{background-color: #ffffff !important;}&#8221;][vc_row css=&#8221;.vc_custom_1696840689123{background-color: #ffffff !important;}&#8221; el_class=&#8221;padding-inner two-cols-center-no-align bild-rad beige&#8221;][vc_column][vc_column_text]<\/p>\n<h2 style=\"text-align: left;\">New opportunities with Kampanja<\/h2>\n<p><strong>Kampanja opens up the possibility to quickly and easily build your own landing page and distribute digital coupon offers<\/strong><br \/>\n<strong>via sms.<\/strong><\/p>\n<p>&nbsp;<\/p>\n<h2>This is how Kampanja works<\/h2>\n<p>You can easily build your campaign page by uploading images, adding texts and setting specifications (number of releases, coupons, etc.) via our portal. The site gets its own URL that you use in marketing via social media and digital advertising.[\/vc_column_text][\/vc_column][\/vc_row][vc_row css=&#8221;.vc_custom_1728476421457{background-color: #f4f1e9 !important;}&#8221; el_class=&#8221;padding-inner two-cols-center-no-align bild-rad beige&#8221;][vc_column][vc_column_text]<\/p>\n<h2 style=\"text-align: left;\">Valuable input for analysis<\/h2>\n<p>One of the great advantages of interactive campaigns is that you get a lot of input that allows you to measure engagement, sales figures, segmentation, customer behavior and more. Demographic and other relevant data; you get to know the customers in depth.<\/p>\n<p>So don&#8217;t wait, create your campaign today![\/vc_column_text][\/vc_column][\/vc_row][vc_row el_class=&#8221;padding-inner two-cols-center-no-align bild-rad beige-dark&#8221;][vc_column][vc_single_image image=&#8221;7551&#8243; img_size=&#8221;full&#8221; alignment=&#8221;center&#8221;][\/vc_column][\/vc_row][vc_row][vc_column width=&#8221;1\/2&#8243;][vc_column_text]<\/p>\n<h2>From idea to finished campaign in just a few minutes<\/h2>\n<ul>\n<li>Upload your material to the tool.<\/li>\n<li>Create your campaign page using<br \/>\nthe simple instructions.<\/li>\n<\/ul>\n<p>[\/vc_column_text][\/vc_column][vc_column width=&#8221;1\/2&#8243;][vc_column_text]<\/p>\n<h2>A good solution for example:<\/h2>\n<ul>\n<li>News launch<\/li>\n<li>Create customer relationships<\/li>\n<li>Time-limited campaigns<\/li>\n<li>Build customer registers<\/li>\n<li>Test media channels<\/li>\n<li>Targeted campaigns<\/li>\n<li>Conduct sales in stores<\/li>\n<li>Build brand awareness<\/li>\n<li>Distribute information<\/li>\n<\/ul>\n<p>[\/vc_column_text][\/vc_column][\/vc_row][vc_row][vc_column][vc_single_image image=&#8221;7782&#8243; img_size=&#8221;full&#8221; alignment=&#8221;center&#8221;][\/vc_column][\/vc_row][vc_row][vc_column][vc_column_text css=&#8221;.vc_custom_1728476594663{background-color: #d9d6cc !important;}&#8221;]<\/p>\n<h2>Tips for a good campaign page<\/h2>\n<p>A well-crafted campaign page is optimized for conversions and creates a seamless, engaging user experience. By clearly communicating the benefits of the offer being marketed and offering a clear line of action, campaign pages create a clear path for visitors to follow. This helps to increase the conversion rate and maximize the return on investment.<\/p>\n<p>Campaign pages also allow testing and analysis of different elements such as headlines, images and CTAs. Using A\/B testing and other methods, marketers can fine-tune and optimize campaign page performance over time. This approach makes it possible to adapt to the target audience&#8217;s behaviors and preferences, resulting in increased efficiency and better conversion results.[\/vc_column_text][\/vc_column][\/vc_row][vc_row css=&#8221;.vc_custom_1728476750169{background-color: #d9d6cc !important;}&#8221;][vc_column][vc_column_text]<\/p>\n<h2>Link a campaign to a theme day<\/h2>\n<p>Linking a campaign to a themed day and setting up a fun activity connected to your products can be a successful and brand-building investment. Many products have their own day, for example cinnamon roll day, cheese day, cake day and more. There are many themed days throughout the year that provide you the opportunity to create content that engages your customers, increases your visibility and builds your brand.[\/vc_column_text][\/vc_column][\/vc_row][\/vc_section][vc_row el_class=&#8221;padding-inner two-cols-center-no-align bild-rad beige-dark&#8221;][vc_column][vc_btn title=&#8221;To Theme days&#8221; link=&#8221;url:%2F%3Fpage_id%3D2509|&#8221; el_class=&#8221;btn btn-primary&#8221;][vc_btn title=&#8221;For technical specifications&#8221; link=&#8221;url:https%3A%2F%2Fwww.clearon.se%2Fwp-content%2Fuploads%2F2023%2F10%2FKampanja_Produktblad_Eng.pdf||target:%20_blank|&#8221; el_class=&#8221;btn btn-primary&#8221;][vc_btn title=&#8221;If you want to know more, feel free to contact us!&#8221; link=&#8221;url:mailto%3Asales%40clearon.se|&#8221; el_class=&#8221;btn btn-primary&#8221;][\/vc_column][\/vc_row][vc_section el_class=&#8221;r-section beige&#8221; css=&#8221;.vc_custom_1696841013977{background-color: #ffffff !important;}&#8221;][\/vc_section]<\/p>\n<\/div>","protected":false},"excerpt":{"rendered":"<p>[vc_section el_class=&#8221;r-section beige&#8221; css=&#8221;.vc_custom_1696840712581{background-color: #ffffff !important;}&#8221;][vc_row css=&#8221;.vc_custom_1696840689123{background-color: #ffffff !important;}&#8221; el_class=&#8221;padding-inner two-cols-center-no-align bild-rad beige&#8221;][vc_column][vc_column_text] New opportunities with Kampanja Kampanja opens up the possibility to quickly and easily build your own landing [&hellip;]<\/p>\n","protected":false},"author":2,"featured_media":10805,"parent":2429,"menu_order":2,"comment_status":"closed","ping_status":"closed","template":"templates\/template-standard.php","meta":{"footnotes":""},"categories":[],"tags":[],"class_list":["post-7756","page","type-page","status-publish","has-post-thumbnail","hentry"],"yoast_head":"<!-- This site is optimized with the Yoast SEO plugin v25.7 - https:\/\/yoast.com\/wordpress\/plugins\/seo\/ -->\r\n<title>Interactive - Kampanja - Clearon<\/title>\r\n<meta name=\"description\" content=\"H\u00e4r hittar du instruktioner och mallar f\u00f6r ClearOns Sales Promotion-tj\u00e4nster\" \/>\r\n<meta name=\"robots\" content=\"index, follow, max-snippet:-1, max-image-preview:large, max-video-preview:-1\" \/>\r\n<link rel=\"canonical\" href=\"https:\/\/www.clearon.se\/en\/our-services\/sales-promotion-tjanster\/kampanja\/\" \/>\r\n<meta property=\"og:locale\" content=\"en_US\" \/>\r\n<meta property=\"og:type\" content=\"article\" \/>\r\n<meta property=\"og:title\" content=\"Interactive - Kampanja - Clearon\" \/>\r\n<meta property=\"og:description\" content=\"H\u00e4r hittar du instruktioner och mallar f\u00f6r ClearOns Sales Promotion-tj\u00e4nster\" \/>\r\n<meta property=\"og:url\" content=\"https:\/\/www.clearon.se\/en\/our-services\/sales-promotion-tjanster\/kampanja\/\" \/>\r\n<meta property=\"og:site_name\" content=\"Clearon\" \/>\r\n<meta property=\"article:modified_time\" content=\"2024-10-10T11:18:22+00:00\" \/>\r\n<meta property=\"og:image\" content=\"https:\/\/www.clearon.se\/wp-content\/uploads\/2023\/08\/CLE_0130_Toppbild_Kampanja_1460x820px.jpg\" \/>\r\n\t<meta property=\"og:image:width\" content=\"1460\" \/>\r\n\t<meta property=\"og:image:height\" content=\"820\" \/>\r\n\t<meta property=\"og:image:type\" content=\"image\/jpeg\" \/>\r\n<meta name=\"twitter:card\" content=\"summary_large_image\" \/>\r\n<meta name=\"twitter:label1\" content=\"Est. reading time\" \/>\n\t<meta name=\"twitter:data1\" content=\"3 minutes\" \/>\r\n<script type=\"application\/ld+json\" class=\"yoast-schema-graph\">{\"@context\":\"https:\/\/schema.org\",\"@graph\":[{\"@type\":\"WebPage\",\"@id\":\"https:\/\/www.clearon.se\/en\/our-services\/sales-promotion-tjanster\/kampanja\/\",\"url\":\"https:\/\/www.clearon.se\/en\/our-services\/sales-promotion-tjanster\/kampanja\/\",\"name\":\"Interactive - Kampanja - Clearon\",\"isPartOf\":{\"@id\":\"https:\/\/www.clearon.se\/#website\"},\"primaryImageOfPage\":{\"@id\":\"https:\/\/www.clearon.se\/en\/our-services\/sales-promotion-tjanster\/kampanja\/#primaryimage\"},\"image\":{\"@id\":\"https:\/\/www.clearon.se\/en\/our-services\/sales-promotion-tjanster\/kampanja\/#primaryimage\"},\"thumbnailUrl\":\"https:\/\/www.clearon.se\/wp-content\/uploads\/2023\/08\/CLE_0130_Toppbild_Kampanja_1460x820px.jpg\",\"datePublished\":\"2022-01-18T14:21:16+00:00\",\"dateModified\":\"2024-10-10T11:18:22+00:00\",\"description\":\"H\u00e4r hittar du instruktioner och mallar f\u00f6r ClearOns Sales Promotion-tj\u00e4nster\",\"breadcrumb\":{\"@id\":\"https:\/\/www.clearon.se\/en\/our-services\/sales-promotion-tjanster\/kampanja\/#breadcrumb\"},\"inLanguage\":\"en-US\",\"potentialAction\":[{\"@type\":\"ReadAction\",\"target\":[\"https:\/\/www.clearon.se\/en\/our-services\/sales-promotion-tjanster\/kampanja\/\"]}]},{\"@type\":\"ImageObject\",\"inLanguage\":\"en-US\",\"@id\":\"https:\/\/www.clearon.se\/en\/our-services\/sales-promotion-tjanster\/kampanja\/#primaryimage\",\"url\":\"https:\/\/www.clearon.se\/wp-content\/uploads\/2023\/08\/CLE_0130_Toppbild_Kampanja_1460x820px.jpg\",\"contentUrl\":\"https:\/\/www.clearon.se\/wp-content\/uploads\/2023\/08\/CLE_0130_Toppbild_Kampanja_1460x820px.jpg\",\"width\":1460,\"height\":820,\"caption\":\"Kampanja ClearOn\"},{\"@type\":\"BreadcrumbList\",\"@id\":\"https:\/\/www.clearon.se\/en\/our-services\/sales-promotion-tjanster\/kampanja\/#breadcrumb\",\"itemListElement\":[{\"@type\":\"ListItem\",\"position\":1,\"name\":\"Hem\",\"item\":\"https:\/\/www.clearon.se\/en\/\"},{\"@type\":\"ListItem\",\"position\":2,\"name\":\"Our services\",\"item\":\"https:\/\/www.clearon.se\/en\/our-services\/\"},{\"@type\":\"ListItem\",\"position\":3,\"name\":\"Sales Promotion\",\"item\":\"https:\/\/www.clearon.se\/en\/our-services\/sales-promotion-tjanster\/\"},{\"@type\":\"ListItem\",\"position\":4,\"name\":\"Interactive &#8211; Kampanja\"}]},{\"@type\":\"WebSite\",\"@id\":\"https:\/\/www.clearon.se\/#website\",\"url\":\"https:\/\/www.clearon.se\/\",\"name\":\"Clearon\",\"description\":\"Ledande inom kuponger och  betaltj\u00e4nster i svensk handel\",\"potentialAction\":[{\"@type\":\"SearchAction\",\"target\":{\"@type\":\"EntryPoint\",\"urlTemplate\":\"https:\/\/www.clearon.se\/?s={search_term_string}\"},\"query-input\":{\"@type\":\"PropertyValueSpecification\",\"valueRequired\":true,\"valueName\":\"search_term_string\"}}],\"inLanguage\":\"en-US\"}]}<\/script>\r\n<!-- \/ Yoast SEO plugin. -->","yoast_head_json":{"title":"Interactive - Kampanja - Clearon","description":"H\u00e4r hittar du instruktioner och mallar f\u00f6r ClearOns Sales Promotion-tj\u00e4nster","robots":{"index":"index","follow":"follow","max-snippet":"max-snippet:-1","max-image-preview":"max-image-preview:large","max-video-preview":"max-video-preview:-1"},"canonical":"https:\/\/www.clearon.se\/en\/our-services\/sales-promotion-tjanster\/kampanja\/","og_locale":"en_US","og_type":"article","og_title":"Interactive - Kampanja - Clearon","og_description":"H\u00e4r hittar du instruktioner och mallar f\u00f6r ClearOns Sales Promotion-tj\u00e4nster","og_url":"https:\/\/www.clearon.se\/en\/our-services\/sales-promotion-tjanster\/kampanja\/","og_site_name":"Clearon","article_modified_time":"2024-10-10T11:18:22+00:00","og_image":[{"width":1460,"height":820,"url":"https:\/\/www.clearon.se\/wp-content\/uploads\/2023\/08\/CLE_0130_Toppbild_Kampanja_1460x820px.jpg","type":"image\/jpeg"}],"twitter_card":"summary_large_image","twitter_misc":{"Est. reading time":"3 minutes"},"schema":{"@context":"https:\/\/schema.org","@graph":[{"@type":"WebPage","@id":"https:\/\/www.clearon.se\/en\/our-services\/sales-promotion-tjanster\/kampanja\/","url":"https:\/\/www.clearon.se\/en\/our-services\/sales-promotion-tjanster\/kampanja\/","name":"Interactive - Kampanja - Clearon","isPartOf":{"@id":"https:\/\/www.clearon.se\/#website"},"primaryImageOfPage":{"@id":"https:\/\/www.clearon.se\/en\/our-services\/sales-promotion-tjanster\/kampanja\/#primaryimage"},"image":{"@id":"https:\/\/www.clearon.se\/en\/our-services\/sales-promotion-tjanster\/kampanja\/#primaryimage"},"thumbnailUrl":"https:\/\/www.clearon.se\/wp-content\/uploads\/2023\/08\/CLE_0130_Toppbild_Kampanja_1460x820px.jpg","datePublished":"2022-01-18T14:21:16+00:00","dateModified":"2024-10-10T11:18:22+00:00","description":"H\u00e4r hittar du instruktioner och mallar f\u00f6r ClearOns Sales Promotion-tj\u00e4nster","breadcrumb":{"@id":"https:\/\/www.clearon.se\/en\/our-services\/sales-promotion-tjanster\/kampanja\/#breadcrumb"},"inLanguage":"en-US","potentialAction":[{"@type":"ReadAction","target":["https:\/\/www.clearon.se\/en\/our-services\/sales-promotion-tjanster\/kampanja\/"]}]},{"@type":"ImageObject","inLanguage":"en-US","@id":"https:\/\/www.clearon.se\/en\/our-services\/sales-promotion-tjanster\/kampanja\/#primaryimage","url":"https:\/\/www.clearon.se\/wp-content\/uploads\/2023\/08\/CLE_0130_Toppbild_Kampanja_1460x820px.jpg","contentUrl":"https:\/\/www.clearon.se\/wp-content\/uploads\/2023\/08\/CLE_0130_Toppbild_Kampanja_1460x820px.jpg","width":1460,"height":820,"caption":"Kampanja ClearOn"},{"@type":"BreadcrumbList","@id":"https:\/\/www.clearon.se\/en\/our-services\/sales-promotion-tjanster\/kampanja\/#breadcrumb","itemListElement":[{"@type":"ListItem","position":1,"name":"Hem","item":"https:\/\/www.clearon.se\/en\/"},{"@type":"ListItem","position":2,"name":"Our services","item":"https:\/\/www.clearon.se\/en\/our-services\/"},{"@type":"ListItem","position":3,"name":"Sales Promotion","item":"https:\/\/www.clearon.se\/en\/our-services\/sales-promotion-tjanster\/"},{"@type":"ListItem","position":4,"name":"Interactive &#8211; Kampanja"}]},{"@type":"WebSite","@id":"https:\/\/www.clearon.se\/#website","url":"https:\/\/www.clearon.se\/","name":"Clearon","description":"Ledande inom kuponger och  betaltj\u00e4nster i svensk handel","potentialAction":[{"@type":"SearchAction","target":{"@type":"EntryPoint","urlTemplate":"https:\/\/www.clearon.se\/?s={search_term_string}"},"query-input":{"@type":"PropertyValueSpecification","valueRequired":true,"valueName":"search_term_string"}}],"inLanguage":"en-US"}]}},"_links":{"self":[{"href":"https:\/\/www.clearon.se\/en\/wp-json\/wp\/v2\/pages\/7756\/"}],"collection":[{"href":"https:\/\/www.clearon.se\/en\/wp-json\/wp\/v2\/pages\/"}],"about":[{"href":"https:\/\/www.clearon.se\/en\/wp-json\/wp\/v2\/types\/page\/"}],"author":[{"embeddable":true,"href":"https:\/\/www.clearon.se\/en\/wp-json\/wp\/v2\/users\/2\/"}],"replies":[{"embeddable":true,"href":"https:\/\/www.clearon.se\/en\/wp-json\/wp\/v2\/comments\/?post=7756"}],"version-history":[{"count":5,"href":"https:\/\/www.clearon.se\/en\/wp-json\/wp\/v2\/pages\/7756\/revisions\/"}],"predecessor-version":[{"id":13504,"href":"https:\/\/www.clearon.se\/en\/wp-json\/wp\/v2\/pages\/7756\/revisions\/13504\/"}],"up":[{"embeddable":true,"href":"https:\/\/www.clearon.se\/en\/wp-json\/wp\/v2\/pages\/2429\/"}],"wp:featuredmedia":[{"embeddable":true,"href":"https:\/\/www.clearon.se\/en\/wp-json\/wp\/v2\/media\/10805\/"}],"wp:attachment":[{"href":"https:\/\/www.clearon.se\/en\/wp-json\/wp\/v2\/media\/?parent=7756"}],"wp:term":[{"taxonomy":"category","embeddable":true,"href":"https:\/\/www.clearon.se\/en\/wp-json\/wp\/v2\/categories\/?post=7756"},{"taxonomy":"post_tag","embeddable":true,"href":"https:\/\/www.clearon.se\/en\/wp-json\/wp\/v2\/tags\/?post=7756"}],"curies":[{"name":"wp","href":"https:\/\/api.w.org\/{rel}","templated":true}]}}