

{"id":8547,"date":"2022-07-08T15:34:00","date_gmt":"2022-07-08T13:34:00","guid":{"rendered":"https:\/\/www.clearon.se\/?page_id=8547"},"modified":"2024-10-09T15:29:08","modified_gmt":"2024-10-09T13:29:08","slug":"presentkorteng","status":"publish","type":"page","link":"https:\/\/www.clearon.se\/en\/presentkorteng\/","title":{"rendered":"Gift cards"},"content":{"rendered":"<div class=\"wpb-content-wrapper\"><p>[vc_row css=&#8221;.vc_custom_1696851348480{background-color: #d9d6cc !important;}&#8221;][vc_column][vc_column_text css=&#8221;.vc_custom_1696851324466{background-color: #f4f1e9 !important;}&#8221;]<\/p>\n<h2><\/h2>\n<h2 style=\"text-align: center;\">Sverigechecken<\/h2>\n<p>[\/vc_column_text][\/vc_column][\/vc_row][vc_row equal_height=&#8221;yes&#8221; css=&#8221;.vc_custom_1696851390944{background-color: #d9d6cc !important;}&#8221; el_class=&#8221;padding-inner two-cols-center&#8221;][vc_column width=&#8221;1\/2&#8243;][vc_column_text]<\/p>\n<h2>A smart alternative<\/h2>\n<p>&nbsp;<\/p>\n<p>Sverigechecken is a smart alternative to chain-specific gift cards. A great gift to be able to give for all types of companies and organizations. Sverigechecken is a value check that is valid in a large number of nationwide food and service stores.<\/p>\n<p><strong>The gift of your choice<\/strong><br \/>\nThe Sweden check is much appreciated because the recipient can choose a gift based on their own needs and wishes.<\/p>\n<p><strong>Nationwide stores where you can pay with Sverigechecken<\/strong><br \/>\nThanks to a large selection of agents, Sverigechecken can be used in a variety of places throughout Sweden.[\/vc_column_text][\/vc_column][vc_column width=&#8221;1\/2&#8243;][vc_single_image image=&#8221;12841&#8243; img_size=&#8221;full&#8221; alignment=&#8221;center&#8221;][\/vc_column][\/vc_row][vc_row equal_height=&#8221;yes&#8221; css=&#8221;.vc_custom_1696851390944{background-color: #d9d6cc !important;}&#8221; el_class=&#8221;padding-inner two-cols-center&#8221;][vc_column][vc_column_text]<\/p>\n<h2>For companies<\/h2>\n<p>&nbsp;<\/p>\n<p><strong>Do you want to buy Sverigechecken for your employees or customers<\/strong><br \/>\nSverigechecken is an obvious and appreciated gift at all types of holidays and various anniversaries. There are also many other occasions where Sverigechecken becomes a given success, for example to reward a good performance, resign from work, birthdays, anniversary celebrations or as an incentive for achieved goals.<\/p>\n<p>Sverigechecken is available in bills of SEK 25, 50, 100 and 200, all so that you can easily put together the amount you wish to give away.[\/vc_column_text][vc_btn title=&#8221;Order Sverigechecken here! (physical)&#8221; align=&#8221;right&#8221; link=&#8221;url:https%3A%2F%2Fshop.clearon.se%2Fclearon_webbshop%2Fdocs%2Fsverigechecken_main.html|target:_blank&#8221; el_class=&#8221;btn btn-primary&#8221;][vc_btn title=&#8221;Order Sverigechecken here! (digital)&#8221; align=&#8221;right&#8221; link=&#8221;url:https%3A%2F%2Fmobilapresentkort.se%2Fforetag|target:_blank&#8221; el_class=&#8221;btn btn-primary&#8221;][\/vc_column][\/vc_row][vc_row css=&#8221;.vc_custom_1728479571561{background-color: #f4f4f4 !important;}&#8221;][vc_column css=&#8221;.vc_custom_1696851264528{background-color: #f4f1e9 !important;}&#8221;][vc_column_text css=&#8221;.vc_custom_1696851281606{background-color: #f4f1e9 !important;}&#8221;]<\/p>\n<h2><\/h2>\n<h2 style=\"text-align: center;\">Ice cream gift cards<\/h2>\n<p>[\/vc_column_text][\/vc_column][\/vc_row][vc_row el_class=&#8221;two-cols-center padding-inner beige&#8221; css=&#8221;.vc_custom_1696851302399{background-color: #ffffff !important;}&#8221;][vc_column width=&#8221;1\/2&#8243;][vc_column_text]<\/p>\n<h2>Order your ice cream gift cards here!<\/h2>\n<p>&nbsp;<\/p>\n<p>Looking to order ice cream gift cards for customers, suppliers, employees, or anyone else that you or your company might want to surprise?<\/p>\n<p>We\u2019ve got you covered. Our traditional ice cream gift cards come as printed paper checks and are available in SEK 30 bills. The ice cream gift cards are sent by registered mail and can be expected to arrive within 5-7 business days. The minimum order is 25 ice cream gift cards.<\/p>\n<p>Would you prefer to send digital ice cream gift cards? We\u2019re happy to help with that as well. Our digital ice cream gift cards can be customized with a personal greeting and custom image of your choice.<\/p>\n<p>More information about our digital ice cream gift cards (as well as our other gift cards) can be found at our website: <strong><a href=\"http:\/\/mobilapresentkort.se\/foretag\">mobilapresentkort.se\/foretag<\/a><\/strong><\/p>\n<p>&nbsp;<\/p>\n<p>&nbsp;<\/p>\n<p>&nbsp;<\/p>\n<p>[\/vc_column_text][vc_btn title=&#8221;Order physical ice cream gift cards here!&#8221; link=&#8221;url:https%3A%2F%2Fshop.clearon.se%2Fclearon_webbshop%2Fdocs%2Fglasscheckar_main.html||target:%20_blank|&#8221; el_class=&#8221;btn btn-primary&#8221;][vc_btn title=&#8221;Order digital ice cream gift cards here!&#8221; link=&#8221;url:https%3A%2F%2Fmobilapresentkort.se%2Fgb-glace-2||target:%20_blank|&#8221; el_class=&#8221;btn btn-primary&#8221;][\/vc_column][vc_column width=&#8221;1\/2&#8243;][vc_single_image image=&#8221;12830&#8243; img_size=&#8221;full&#8221; alignment=&#8221;center&#8221;][\/vc_column][\/vc_row][vc_row el_class=&#8221;padding-inner two-cols-center expand beige&#8221; css=&#8221;.vc_custom_1696851418372{background-color: #f4f1e9 !important;}&#8221;][vc_column css=&#8221;.vc_custom_1696851441704{background-color: #f4f1e9 !important;}&#8221;][vc_column_text css=&#8221;.vc_custom_1696851450692{background-color: #f4f1e9 !important;}&#8221;]<\/p>\n<h2 style=\"text-align: center;\">The gift that can be used in more than 4000 stores across the country!<\/h2>\n<h2><\/h2>\n<p style=\"text-align: center;\"><strong>At all the following store chains, the recipient can use the Ice cream gift card and Sverigechecken.<\/strong><\/p>\n<p>[\/vc_column_text][vc_single_image image=&#8221;2971&#8243; img_size=&#8221;full&#8221; css=&#8221;.vc_custom_1728480535768{background-color: #ffffff !important;}&#8221; el_class=&#8221;btn btn-beige&#8221;][vc_column_text]<em>Vissa Tempo och N\u00e4ra Dej tar ocks\u00e5 emot Sverigechecken. H\u00f6r med din lokala butik n\u00e4ra dig.<\/em>[\/vc_column_text][\/vc_column][\/vc_row][vc_row el_class=&#8221;two-cols-center padding-inner&#8221; css=&#8221;.vc_custom_1696851480684{background-color: #f4f1e9 !important;}&#8221;][vc_column width=&#8221;1\/2&#8243;][vc_column_text]<\/p>\n<h2>Sverigechecken &#8211; digital or in physical form<\/h2>\n<p>&nbsp;<\/p>\n<p><strong>Of course Sverigechecken works to send both digitally and in physical form. Decide what is best for the moment.<\/strong><\/p>\n<p>We can also help you to customize digital mailings. The minimum order is then 100 Sverigecheckar.<\/p>\n<p>If you want to hear more, contact us![\/vc_column_text][vc_btn title=&#8221;Contact us!&#8221; link=&#8221;url:mailto%3Acheck%40clearon.se|||&#8221; el_class=&#8221;btn btn-primary&#8221;][vc_btn title=&#8221;Order Sverigechecken here!&#8221; link=&#8221;url:https%3A%2F%2Fshop.clearon.se%2Fclearon_webbshop%2Fdocs%2Fsverigechecken_main.html||target:%20_blank|&#8221; el_class=&#8221;btn btn-primary&#8221;][\/vc_column][vc_column width=&#8221;1\/2&#8243;][vc_single_image image=&#8221;975&#8243; img_size=&#8221;full&#8221; alignment=&#8221;center&#8221;][\/vc_column][\/vc_row][vc_row el_class=&#8221;two-cols-center padding-inner beige&#8221; css=&#8221;.vc_custom_1695990450271{background-color: #f4f4f4 !important;}&#8221;][vc_column][vc_column_text]<\/p>\n<h2>Sverigechecken and the Ice cream check &#8211; for recipients<\/h2>\n<p><strong>Congratulations on receiving Sverigechecken or Ice cream check!<\/strong><\/p>\n<p>Now you can easily use it the next time you shop, in one of the following chains:<\/p>\n<p>ICA, Coop, Hemk\u00f6p, Willys, CityGross, Apotek Hj\u00e4rtat, Pressbyr\u00e5n, Shell, 7-Eleven, Matrebellen, \u00d6&amp;B, My Way, Direkten, Gulf, Granng\u00e5rden, Eurocash, EKO och Kassagirot.[\/vc_column_text][\/vc_column][\/vc_row][vc_row css=&#8221;.vc_custom_1695990477402{background-color: #ffffff !important;}&#8221; el_class=&#8221;padding-inner two-cols-center-no-align beige&#8221;][vc_column width=&#8221;1\/2&#8243;][vc_single_image image=&#8221;12830&#8243; img_size=&#8221;full&#8221; alignment=&#8221;center&#8221;][\/vc_column][vc_column width=&#8221;1\/2&#8243;][vc_single_image image=&#8221;13465&#8243; img_size=&#8221;full&#8221; alignment=&#8221;center&#8221;][\/vc_column][\/vc_row][vc_row disable_element=&#8221;yes&#8221; el_class=&#8221;two-cols-center padding-inner&#8221; css=&#8221;.vc_custom_1605191247499{background-color: #ffffff !important;}&#8221;][vc_column width=&#8221;1\/2&#8243;][vc_column_text]<\/p>\n<h2>Skr\u00e4ddarsydda f\u00f6retagspaket som passar alla<\/h2>\n<p>L\u00e5t oss s\u00e4tta ihop f\u00e4rdiga presentpaket utifr\u00e5n dina behov. Vi packar checkarna i v\u00e5ra eleganta konvolut och g\u00f6r g\u00e5van extra personlig med ett brev med logotyp och underskrift<\/p>\n<p><strong>Uppt\u00e4ck Sverigecheckens vackra konvolut<\/strong><\/p>\n<p>ClearOn\u00a0erbjuder flera olika presentf\u00f6rpackningar som g\u00f6r din g\u00e5va till en komplett upplevelse. En f\u00f6rpackning best\u00e5r av en h\u00e5llare d\u00e4r man l\u00e4gger en eller flera checkar. H\u00e5llaren placeras i ett konvolut som finns i flera fina utf\u00f6randen.<\/p>\n<p><strong>V\u00e4lj det konvolut som passar er b\u00e4st!<\/strong><\/p>\n<p><strong>Personligt brev<\/strong><br \/>\nF\u00f6rst\u00e4rk din g\u00e5va genom att l\u00e4gga till ett brev med en personlig h\u00e4lsning. Vi trycker upp eleganta kort som f\u00e5r plats i konvoluten d\u00e4r du kan skriva en egen text samt avsluta med en underskrift, d\u00e4refter f\u00f6rtrycks och packas allt. P\u00e5 s\u00e5 s\u00e4tt skapar du en personlig g\u00e5va som verkligen kommer att uppskattas av mottagaren.[\/vc_column_text][\/vc_column][vc_column width=&#8221;1\/2&#8243;][vc_single_image image=&#8221;529&#8243; img_size=&#8221;full&#8221; alignment=&#8221;center&#8221;][\/vc_column][\/vc_row]<\/p>\n<\/div>","protected":false},"excerpt":{"rendered":"<p>[vc_row css=&#8221;.vc_custom_1696851348480{background-color: #d9d6cc !important;}&#8221;][vc_column][vc_column_text css=&#8221;.vc_custom_1696851324466{background-color: #f4f1e9 !important;}&#8221;] Sverigechecken [\/vc_column_text][\/vc_column][\/vc_row][vc_row equal_height=&#8221;yes&#8221; css=&#8221;.vc_custom_1696851390944{background-color: #d9d6cc !important;}&#8221; el_class=&#8221;padding-inner two-cols-center&#8221;][vc_column width=&#8221;1\/2&#8243;][vc_column_text] A smart alternative &nbsp; Sverigechecken is a smart alternative to chain-specific gift cards. A [&hellip;]<\/p>\n","protected":false},"author":1,"featured_media":10650,"parent":0,"menu_order":5,"comment_status":"closed","ping_status":"closed","template":"templates\/template-standard.php","meta":{"footnotes":""},"categories":[],"tags":[],"class_list":["post-8547","page","type-page","status-publish","has-post-thumbnail","hentry"],"yoast_head":"<!-- This site is optimized with the Yoast SEO plugin v25.7 - https:\/\/yoast.com\/wordpress\/plugins\/seo\/ -->\r\n<title>Gift cards - Clearon<\/title>\r\n<meta name=\"robots\" content=\"index, follow, max-snippet:-1, max-image-preview:large, max-video-preview:-1\" \/>\r\n<link rel=\"canonical\" href=\"https:\/\/www.clearon.se\/en\/presentkorteng\/\" \/>\r\n<meta property=\"og:locale\" content=\"en_US\" \/>\r\n<meta property=\"og:type\" content=\"article\" \/>\r\n<meta property=\"og:title\" content=\"Gift cards - Clearon\" \/>\r\n<meta property=\"og:description\" content=\"[vc_row css=&#8221;.vc_custom_1696851348480{background-color: #d9d6cc !important;}&#8221;][vc_column][vc_column_text css=&#8221;.vc_custom_1696851324466{background-color: #f4f1e9 !important;}&#8221;] Sverigechecken [\/vc_column_text][\/vc_column][\/vc_row][vc_row equal_height=&#8221;yes&#8221; css=&#8221;.vc_custom_1696851390944{background-color: #d9d6cc !important;}&#8221; el_class=&#8221;padding-inner two-cols-center&#8221;][vc_column width=&#8221;1\/2&#8243;][vc_column_text] A smart alternative &nbsp; Sverigechecken is a smart alternative to chain-specific gift cards. A [&hellip;]\" \/>\r\n<meta property=\"og:url\" content=\"https:\/\/www.clearon.se\/en\/presentkorteng\/\" \/>\r\n<meta property=\"og:site_name\" content=\"Clearon\" \/>\r\n<meta property=\"article:modified_time\" content=\"2024-10-09T13:29:08+00:00\" \/>\r\n<meta property=\"og:image\" content=\"https:\/\/www.clearon.se\/wp-content\/uploads\/2023\/07\/ima216249-1024x682.jpg\" \/>\r\n\t<meta property=\"og:image:width\" content=\"1024\" \/>\r\n\t<meta property=\"og:image:height\" content=\"682\" \/>\r\n\t<meta property=\"og:image:type\" content=\"image\/jpeg\" \/>\r\n<meta name=\"twitter:card\" content=\"summary_large_image\" \/>\r\n<meta name=\"twitter:label1\" content=\"Est. reading time\" \/>\n\t<meta name=\"twitter:data1\" content=\"6 minutes\" \/>\r\n<script type=\"application\/ld+json\" class=\"yoast-schema-graph\">{\"@context\":\"https:\/\/schema.org\",\"@graph\":[{\"@type\":\"WebPage\",\"@id\":\"https:\/\/www.clearon.se\/en\/presentkorteng\/\",\"url\":\"https:\/\/www.clearon.se\/en\/presentkorteng\/\",\"name\":\"Gift cards - Clearon\",\"isPartOf\":{\"@id\":\"https:\/\/www.clearon.se\/#website\"},\"primaryImageOfPage\":{\"@id\":\"https:\/\/www.clearon.se\/en\/presentkorteng\/#primaryimage\"},\"image\":{\"@id\":\"https:\/\/www.clearon.se\/en\/presentkorteng\/#primaryimage\"},\"thumbnailUrl\":\"https:\/\/www.clearon.se\/wp-content\/uploads\/2023\/07\/ima216249.jpg\",\"datePublished\":\"2022-07-08T13:34:00+00:00\",\"dateModified\":\"2024-10-09T13:29:08+00:00\",\"breadcrumb\":{\"@id\":\"https:\/\/www.clearon.se\/en\/presentkorteng\/#breadcrumb\"},\"inLanguage\":\"en-US\",\"potentialAction\":[{\"@type\":\"ReadAction\",\"target\":[\"https:\/\/www.clearon.se\/en\/presentkorteng\/\"]}]},{\"@type\":\"ImageObject\",\"inLanguage\":\"en-US\",\"@id\":\"https:\/\/www.clearon.se\/en\/presentkorteng\/#primaryimage\",\"url\":\"https:\/\/www.clearon.se\/wp-content\/uploads\/2023\/07\/ima216249.jpg\",\"contentUrl\":\"https:\/\/www.clearon.se\/wp-content\/uploads\/2023\/07\/ima216249.jpg\",\"width\":2560,\"height\":1706,\"caption\":\"Tv\u00e5 kvinnor sitter p\u00e5 cafe och jobbar med QR-kod f\u00f6r vaccinationspass\"},{\"@type\":\"BreadcrumbList\",\"@id\":\"https:\/\/www.clearon.se\/en\/presentkorteng\/#breadcrumb\",\"itemListElement\":[{\"@type\":\"ListItem\",\"position\":1,\"name\":\"Hem\",\"item\":\"https:\/\/www.clearon.se\/en\/\"},{\"@type\":\"ListItem\",\"position\":2,\"name\":\"Gift cards\"}]},{\"@type\":\"WebSite\",\"@id\":\"https:\/\/www.clearon.se\/#website\",\"url\":\"https:\/\/www.clearon.se\/\",\"name\":\"Clearon\",\"description\":\"Ledande inom kuponger och  betaltj\u00e4nster i svensk handel\",\"potentialAction\":[{\"@type\":\"SearchAction\",\"target\":{\"@type\":\"EntryPoint\",\"urlTemplate\":\"https:\/\/www.clearon.se\/?s={search_term_string}\"},\"query-input\":{\"@type\":\"PropertyValueSpecification\",\"valueRequired\":true,\"valueName\":\"search_term_string\"}}],\"inLanguage\":\"en-US\"}]}<\/script>\r\n<!-- \/ Yoast SEO plugin. -->","yoast_head_json":{"title":"Gift cards - Clearon","robots":{"index":"index","follow":"follow","max-snippet":"max-snippet:-1","max-image-preview":"max-image-preview:large","max-video-preview":"max-video-preview:-1"},"canonical":"https:\/\/www.clearon.se\/en\/presentkorteng\/","og_locale":"en_US","og_type":"article","og_title":"Gift cards - Clearon","og_description":"[vc_row css=&#8221;.vc_custom_1696851348480{background-color: #d9d6cc !important;}&#8221;][vc_column][vc_column_text css=&#8221;.vc_custom_1696851324466{background-color: #f4f1e9 !important;}&#8221;] Sverigechecken [\/vc_column_text][\/vc_column][\/vc_row][vc_row equal_height=&#8221;yes&#8221; css=&#8221;.vc_custom_1696851390944{background-color: #d9d6cc !important;}&#8221; el_class=&#8221;padding-inner two-cols-center&#8221;][vc_column width=&#8221;1\/2&#8243;][vc_column_text] A smart alternative &nbsp; Sverigechecken is a smart alternative to chain-specific gift cards. A [&hellip;]","og_url":"https:\/\/www.clearon.se\/en\/presentkorteng\/","og_site_name":"Clearon","article_modified_time":"2024-10-09T13:29:08+00:00","og_image":[{"width":1024,"height":682,"url":"https:\/\/www.clearon.se\/wp-content\/uploads\/2023\/07\/ima216249-1024x682.jpg","type":"image\/jpeg"}],"twitter_card":"summary_large_image","twitter_misc":{"Est. reading time":"6 minutes"},"schema":{"@context":"https:\/\/schema.org","@graph":[{"@type":"WebPage","@id":"https:\/\/www.clearon.se\/en\/presentkorteng\/","url":"https:\/\/www.clearon.se\/en\/presentkorteng\/","name":"Gift cards - Clearon","isPartOf":{"@id":"https:\/\/www.clearon.se\/#website"},"primaryImageOfPage":{"@id":"https:\/\/www.clearon.se\/en\/presentkorteng\/#primaryimage"},"image":{"@id":"https:\/\/www.clearon.se\/en\/presentkorteng\/#primaryimage"},"thumbnailUrl":"https:\/\/www.clearon.se\/wp-content\/uploads\/2023\/07\/ima216249.jpg","datePublished":"2022-07-08T13:34:00+00:00","dateModified":"2024-10-09T13:29:08+00:00","breadcrumb":{"@id":"https:\/\/www.clearon.se\/en\/presentkorteng\/#breadcrumb"},"inLanguage":"en-US","potentialAction":[{"@type":"ReadAction","target":["https:\/\/www.clearon.se\/en\/presentkorteng\/"]}]},{"@type":"ImageObject","inLanguage":"en-US","@id":"https:\/\/www.clearon.se\/en\/presentkorteng\/#primaryimage","url":"https:\/\/www.clearon.se\/wp-content\/uploads\/2023\/07\/ima216249.jpg","contentUrl":"https:\/\/www.clearon.se\/wp-content\/uploads\/2023\/07\/ima216249.jpg","width":2560,"height":1706,"caption":"Tv\u00e5 kvinnor sitter p\u00e5 cafe och jobbar med QR-kod f\u00f6r vaccinationspass"},{"@type":"BreadcrumbList","@id":"https:\/\/www.clearon.se\/en\/presentkorteng\/#breadcrumb","itemListElement":[{"@type":"ListItem","position":1,"name":"Hem","item":"https:\/\/www.clearon.se\/en\/"},{"@type":"ListItem","position":2,"name":"Gift cards"}]},{"@type":"WebSite","@id":"https:\/\/www.clearon.se\/#website","url":"https:\/\/www.clearon.se\/","name":"Clearon","description":"Ledande inom kuponger och  betaltj\u00e4nster i svensk handel","potentialAction":[{"@type":"SearchAction","target":{"@type":"EntryPoint","urlTemplate":"https:\/\/www.clearon.se\/?s={search_term_string}"},"query-input":{"@type":"PropertyValueSpecification","valueRequired":true,"valueName":"search_term_string"}}],"inLanguage":"en-US"}]}},"_links":{"self":[{"href":"https:\/\/www.clearon.se\/en\/wp-json\/wp\/v2\/pages\/8547\/"}],"collection":[{"href":"https:\/\/www.clearon.se\/en\/wp-json\/wp\/v2\/pages\/"}],"about":[{"href":"https:\/\/www.clearon.se\/en\/wp-json\/wp\/v2\/types\/page\/"}],"author":[{"embeddable":true,"href":"https:\/\/www.clearon.se\/en\/wp-json\/wp\/v2\/users\/1\/"}],"replies":[{"embeddable":true,"href":"https:\/\/www.clearon.se\/en\/wp-json\/wp\/v2\/comments\/?post=8547"}],"version-history":[{"count":6,"href":"https:\/\/www.clearon.se\/en\/wp-json\/wp\/v2\/pages\/8547\/revisions\/"}],"predecessor-version":[{"id":13474,"href":"https:\/\/www.clearon.se\/en\/wp-json\/wp\/v2\/pages\/8547\/revisions\/13474\/"}],"wp:featuredmedia":[{"embeddable":true,"href":"https:\/\/www.clearon.se\/en\/wp-json\/wp\/v2\/media\/10650\/"}],"wp:attachment":[{"href":"https:\/\/www.clearon.se\/en\/wp-json\/wp\/v2\/media\/?parent=8547"}],"wp:term":[{"taxonomy":"category","embeddable":true,"href":"https:\/\/www.clearon.se\/en\/wp-json\/wp\/v2\/categories\/?post=8547"},{"taxonomy":"post_tag","embeddable":true,"href":"https:\/\/www.clearon.se\/en\/wp-json\/wp\/v2\/tags\/?post=8547"}],"curies":[{"name":"wp","href":"https:\/\/api.w.org\/{rel}","templated":true}]}}