

{"id":9293,"date":"2022-10-18T09:03:23","date_gmt":"2022-10-18T07:03:23","guid":{"rendered":"https:\/\/www.clearon.se\/?page_id=9293"},"modified":"2024-10-09T15:56:50","modified_gmt":"2024-10-09T13:56:50","slug":"utbetalningar-vardeavier","status":"publish","type":"page","link":"https:\/\/www.clearon.se\/en\/our-services\/utbetalningar-vardeavier\/","title":{"rendered":"Utbetalningar &#8211; V\u00e4rdeavier"},"content":{"rendered":"<div class=\"wpb-content-wrapper\"><p>[vc_section el_class=&#8221;r-section beige&#8221; css=&#8221;.vc_custom_1696851643074{background-color: #f4f1e9 !important;}&#8221;][vc_row css=&#8221;.vc_custom_1696851593638{background-color: #f4f1e9 !important;}&#8221;][vc_column][vc_column_text css=&#8221;.vc_custom_1661244562019{background-color: #ffffff !important;}&#8221;]<\/p>\n<div class=\"vc_row wpb_row vc_row-fluid padding-inner vc_custom_1620812861700 vc_row-has-fill\">\n<div class=\"wpb_column vc_column_container vc_col-sm-12\">\n<div class=\"vc_column-inner\">\n<div class=\"wpb_wrapper\">\n<div class=\"wpb_text_column wpb_content_element \">\n<div class=\"wpb_wrapper\">\n<h2 style=\"text-align: left;\">V\u00e4rdeavier from Bankgirot, PlusGirot, Swedbank and Sparbankerna<\/h2>\n<\/div>\n<\/div>\n<\/div>\n<\/div>\n<\/div>\n<\/div>\n<p>[\/vc_column_text][\/vc_column][\/vc_row][vc_row css=&#8221;.vc_custom_1696851621463{background-color: #f4f1e9 !important;}&#8221; el_class=&#8221;padding-inner expand&#8221;][vc_column][vc_column_text]<\/p>\n<h5>With V\u00e4rdeavi, the customer can pay in store or redeem for cash<\/h5>\n<p>Customers receive cash payments from several different sources and for different reasons. This could be, for example, compensation for an insurance policy, a tax refund or a refund upon termination of a subscription. Each year roughly 4 million payments are produced in Sweden and the largest issuers are Bankgirot, PlusGirot and Swedbank\/Sparbankerna.<\/p>\n<p>Customers have realized the benefits of redeeming their notice in \u200b\u200btheir store. Redemption of V\u00e4rdeavier in store gives the customer the opportunity to either use the notice as payment when making a purchase, either pay the full amount or pay in part, or receive money in hand &#8211; subject to availability of cash in the store.<\/p>\n<p>We offer persons to redeem V\u00e4rdeavi in most stores that belong to the chains presented further down the page, throughout the country, every day of the week between 07.00 and 22.00<\/p>\n<p><a href=\"https:\/\/shop.clearon.se\/clearon_butikshop\/inloggning_butik.asp\" target=\"_blank\" rel=\"noopener noreferrer\"><strong>Instructions for how the service works, log in here!<\/strong><\/a>[\/vc_column_text][vc_btn title=&#8221;Find store that redeems V\u00e4rdeavi&#8221; align=&#8221;right&#8221; link=&#8221;url:https%3A%2F%2Fwww.kassagirot.se%2Fhitta-butik%2F|||&#8221; el_class=&#8221;btn btn-primary&#8221;][\/vc_column][\/vc_row][vc_row css=&#8221;.vc_custom_1661235688119{background-color: #f4f4f4 !important;}&#8221; el_class=&#8221;padding-inner expand&#8221;][vc_column][vc_column_text]<\/p>\n<p>&nbsp;<\/p>\n<h2>General conditions<\/h2>\n<ul>\n<li>As a customer, you must always be able to present a valid Swedish ID document.<\/li>\n<li>The payout amount can be limited to a maximum of SEK 2,000 or based on the store\u2019s availability of cash.<\/li>\n<li>V\u00e4rdeavi can be used as a means of payment.<\/li>\n<li>We refer companies to the bank.<\/li>\n<li>For associations, we refer to the bank.<\/li>\n<li>Power of attorney holders and estates are referred to the bank.<\/li>\n<li>If someone is collecting V\u00e4rdeavi on your behalf, then they will need to bring their own government-authorised ID, as well as a copy or photo of your ID (the actual recipient), in order to verify the recipient details on the parcel. Attention \u2013 V\u00e4rdeavi from Swedbank cannot be redeemed via another person.<\/li>\n<li>If the date has passed\/expired or if you have other questions regarding your V\u00e4rdeavi, you must contact the issuer. Who the issuer is is stated in the text of the letter to V\u00e4rdeavi. If you do not know who the issuers is, contact the person who issued the V\u00e4rdeavi: PlusGirot tel: 0771-224488 or Bankgirot tel: 08-7256000. If your V\u00e4rdeavi has been sent out by Swedbank\/Sparbanken, you need to visit your nearest Swedbank or a Sparbankskontor.<\/li>\n<\/ul>\n<p>[\/vc_column_text][vc_column_text][\/vc_column_text][\/vc_column][\/vc_row][\/vc_section][vc_row css=&#8221;.vc_custom_1728482082116{background-color: #d9d6cc !important;}&#8221; el_class=&#8221;r-section beige&#8221;][vc_column][vc_column_text]<\/p>\n<h2><\/h2>\n<h2>Account deposit of V\u00e4rdeavier for the recipient via Swish at Pressbyr\u00e5n and 7-Eleven<\/h2>\n<p><strong>New collaboration creates easier redemption of V\u00e4rdeavi from Plusgirot, Bankgirot, Swedbank and Sparbankerna with direct account deposit for the recipient via Swish.<\/strong><\/p>\n<p>ClearOn, a leading player in digital payment solutions, today announces its new collaboration with Reitan Convenience Sweden (RCS), which enables payments via Swish. The collaboration will mean expanded opportunities for private individuals to redeem V\u00e4rdeavier in RCS stores Pressbyr\u00e5n and 7-Eleven. Via Swish, the amount can be deposited directly into the recipient&#8217;s bank account. This ground-breaking collaboration offers several benefits to the recipients of V\u00e4rdeavi and opens up a more seamless payment experience.<\/p>\n<p><strong>IMPORTANT<\/strong>!<br \/>\nPersons under 18 who have received V\u00e4rdeavi are referred to the respective bank branch instead of Pressbyr\u00e5n and 7-Eleven.[\/vc_column_text][\/vc_column][\/vc_row][vc_row el_class=&#8221;padding-inner two-cols-center-no-align white&#8221; css=&#8221;.vc_custom_1696852405587{background-color: #ffffff !important;}&#8221;][vc_column][vc_column_text]<\/p>\n<h3><strong>Redemption can take place in one of the following chains:<\/strong><\/h3>\n<p>[\/vc_column_text][vc_single_image image=&#8221;10474&#8243; img_size=&#8221;full&#8221;][\/vc_column][\/vc_row][vc_row el_class=&#8221;padding-inner two-cols-center-no-align beige&#8221;][vc_column][vc_single_image image=&#8221;1780&#8243; img_size=&#8221;large&#8221; alignment=&#8221;center&#8221; el_class=&#8221;padding-inner two-cols-center-no-align white&#8221; css=&#8221;.vc_custom_1696852658209{background-color: #ffffff !important;}&#8221;][\/vc_column][\/vc_row]<\/p>\n<\/div>","protected":false},"excerpt":{"rendered":"<p>[vc_section el_class=&#8221;r-section beige&#8221; css=&#8221;.vc_custom_1696851643074{background-color: #f4f1e9 !important;}&#8221;][vc_row css=&#8221;.vc_custom_1696851593638{background-color: #f4f1e9 !important;}&#8221;][vc_column][vc_column_text css=&#8221;.vc_custom_1661244562019{background-color: #ffffff !important;}&#8221;] V\u00e4rdeavier from Bankgirot, PlusGirot, Swedbank and Sparbankerna [\/vc_column_text][\/vc_column][\/vc_row][vc_row css=&#8221;.vc_custom_1696851621463{background-color: #f4f1e9 !important;}&#8221; el_class=&#8221;padding-inner expand&#8221;][vc_column][vc_column_text] With V\u00e4rdeavi, the customer can [&hellip;]<\/p>\n","protected":false},"author":2,"featured_media":8518,"parent":1088,"menu_order":5,"comment_status":"closed","ping_status":"closed","template":"templates\/template-standard.php","meta":{"footnotes":""},"categories":[],"tags":[],"class_list":["post-9293","page","type-page","status-publish","has-post-thumbnail","hentry"],"yoast_head":"<!-- This site is optimized with the Yoast SEO plugin v25.7 - https:\/\/yoast.com\/wordpress\/plugins\/seo\/ -->\r\n<title>Utbetalningar - V\u00e4rdeavier - Clearon<\/title>\r\n<meta name=\"robots\" content=\"index, follow, max-snippet:-1, max-image-preview:large, max-video-preview:-1\" \/>\r\n<link rel=\"canonical\" href=\"https:\/\/www.clearon.se\/en\/our-services\/utbetalningar-vardeavier\/\" \/>\r\n<meta property=\"og:locale\" content=\"en_US\" \/>\r\n<meta property=\"og:type\" content=\"article\" \/>\r\n<meta property=\"og:title\" content=\"Utbetalningar - V\u00e4rdeavier - Clearon\" \/>\r\n<meta property=\"og:description\" content=\"[vc_section el_class=&#8221;r-section beige&#8221; css=&#8221;.vc_custom_1696851643074{background-color: #f4f1e9 !important;}&#8221;][vc_row css=&#8221;.vc_custom_1696851593638{background-color: #f4f1e9 !important;}&#8221;][vc_column][vc_column_text css=&#8221;.vc_custom_1661244562019{background-color: #ffffff !important;}&#8221;] V\u00e4rdeavier from Bankgirot, PlusGirot, Swedbank and Sparbankerna [\/vc_column_text][\/vc_column][\/vc_row][vc_row css=&#8221;.vc_custom_1696851621463{background-color: #f4f1e9 !important;}&#8221; el_class=&#8221;padding-inner expand&#8221;][vc_column][vc_column_text] With V\u00e4rdeavi, the customer can [&hellip;]\" \/>\r\n<meta property=\"og:url\" content=\"https:\/\/www.clearon.se\/en\/our-services\/utbetalningar-vardeavier\/\" \/>\r\n<meta property=\"og:site_name\" content=\"Clearon\" \/>\r\n<meta property=\"article:modified_time\" content=\"2024-10-09T13:56:50+00:00\" \/>\r\n<meta property=\"og:image\" content=\"https:\/\/www.clearon.se\/wp-content\/uploads\/2022\/07\/V\u00e4rdeavi.jpg\" \/>\r\n\t<meta property=\"og:image:width\" content=\"1170\" \/>\r\n\t<meta property=\"og:image:height\" content=\"380\" \/>\r\n\t<meta property=\"og:image:type\" content=\"image\/jpeg\" \/>\r\n<meta name=\"twitter:card\" content=\"summary_large_image\" \/>\r\n<meta name=\"twitter:label1\" content=\"Est. reading time\" \/>\n\t<meta name=\"twitter:data1\" content=\"4 minutes\" \/>\r\n<script type=\"application\/ld+json\" class=\"yoast-schema-graph\">{\"@context\":\"https:\/\/schema.org\",\"@graph\":[{\"@type\":\"WebPage\",\"@id\":\"https:\/\/www.clearon.se\/en\/our-services\/utbetalningar-vardeavier\/\",\"url\":\"https:\/\/www.clearon.se\/en\/our-services\/utbetalningar-vardeavier\/\",\"name\":\"Utbetalningar - V\u00e4rdeavier - Clearon\",\"isPartOf\":{\"@id\":\"https:\/\/www.clearon.se\/#website\"},\"primaryImageOfPage\":{\"@id\":\"https:\/\/www.clearon.se\/en\/our-services\/utbetalningar-vardeavier\/#primaryimage\"},\"image\":{\"@id\":\"https:\/\/www.clearon.se\/en\/our-services\/utbetalningar-vardeavier\/#primaryimage\"},\"thumbnailUrl\":\"https:\/\/www.clearon.se\/wp-content\/uploads\/2022\/07\/V\u00e4rdeavi.jpg\",\"datePublished\":\"2022-10-18T07:03:23+00:00\",\"dateModified\":\"2024-10-09T13:56:50+00:00\",\"breadcrumb\":{\"@id\":\"https:\/\/www.clearon.se\/en\/our-services\/utbetalningar-vardeavier\/#breadcrumb\"},\"inLanguage\":\"en-US\",\"potentialAction\":[{\"@type\":\"ReadAction\",\"target\":[\"https:\/\/www.clearon.se\/en\/our-services\/utbetalningar-vardeavier\/\"]}]},{\"@type\":\"ImageObject\",\"inLanguage\":\"en-US\",\"@id\":\"https:\/\/www.clearon.se\/en\/our-services\/utbetalningar-vardeavier\/#primaryimage\",\"url\":\"https:\/\/www.clearon.se\/wp-content\/uploads\/2022\/07\/V\u00e4rdeavi.jpg\",\"contentUrl\":\"https:\/\/www.clearon.se\/wp-content\/uploads\/2022\/07\/V\u00e4rdeavi.jpg\",\"width\":1170,\"height\":380},{\"@type\":\"BreadcrumbList\",\"@id\":\"https:\/\/www.clearon.se\/en\/our-services\/utbetalningar-vardeavier\/#breadcrumb\",\"itemListElement\":[{\"@type\":\"ListItem\",\"position\":1,\"name\":\"Hem\",\"item\":\"https:\/\/www.clearon.se\/en\/\"},{\"@type\":\"ListItem\",\"position\":2,\"name\":\"Our services\",\"item\":\"https:\/\/www.clearon.se\/en\/our-services\/\"},{\"@type\":\"ListItem\",\"position\":3,\"name\":\"Utbetalningar &#8211; V\u00e4rdeavier\"}]},{\"@type\":\"WebSite\",\"@id\":\"https:\/\/www.clearon.se\/#website\",\"url\":\"https:\/\/www.clearon.se\/\",\"name\":\"Clearon\",\"description\":\"Ledande inom kuponger och  betaltj\u00e4nster i svensk handel\",\"potentialAction\":[{\"@type\":\"SearchAction\",\"target\":{\"@type\":\"EntryPoint\",\"urlTemplate\":\"https:\/\/www.clearon.se\/?s={search_term_string}\"},\"query-input\":{\"@type\":\"PropertyValueSpecification\",\"valueRequired\":true,\"valueName\":\"search_term_string\"}}],\"inLanguage\":\"en-US\"}]}<\/script>\r\n<!-- \/ Yoast SEO plugin. -->","yoast_head_json":{"title":"Utbetalningar - V\u00e4rdeavier - Clearon","robots":{"index":"index","follow":"follow","max-snippet":"max-snippet:-1","max-image-preview":"max-image-preview:large","max-video-preview":"max-video-preview:-1"},"canonical":"https:\/\/www.clearon.se\/en\/our-services\/utbetalningar-vardeavier\/","og_locale":"en_US","og_type":"article","og_title":"Utbetalningar - V\u00e4rdeavier - Clearon","og_description":"[vc_section el_class=&#8221;r-section beige&#8221; css=&#8221;.vc_custom_1696851643074{background-color: #f4f1e9 !important;}&#8221;][vc_row css=&#8221;.vc_custom_1696851593638{background-color: #f4f1e9 !important;}&#8221;][vc_column][vc_column_text css=&#8221;.vc_custom_1661244562019{background-color: #ffffff !important;}&#8221;] V\u00e4rdeavier from Bankgirot, PlusGirot, Swedbank and Sparbankerna [\/vc_column_text][\/vc_column][\/vc_row][vc_row css=&#8221;.vc_custom_1696851621463{background-color: #f4f1e9 !important;}&#8221; el_class=&#8221;padding-inner expand&#8221;][vc_column][vc_column_text] With V\u00e4rdeavi, the customer can [&hellip;]","og_url":"https:\/\/www.clearon.se\/en\/our-services\/utbetalningar-vardeavier\/","og_site_name":"Clearon","article_modified_time":"2024-10-09T13:56:50+00:00","og_image":[{"width":1170,"height":380,"url":"https:\/\/www.clearon.se\/wp-content\/uploads\/2022\/07\/V\u00e4rdeavi.jpg","type":"image\/jpeg"}],"twitter_card":"summary_large_image","twitter_misc":{"Est. reading time":"4 minutes"},"schema":{"@context":"https:\/\/schema.org","@graph":[{"@type":"WebPage","@id":"https:\/\/www.clearon.se\/en\/our-services\/utbetalningar-vardeavier\/","url":"https:\/\/www.clearon.se\/en\/our-services\/utbetalningar-vardeavier\/","name":"Utbetalningar - V\u00e4rdeavier - Clearon","isPartOf":{"@id":"https:\/\/www.clearon.se\/#website"},"primaryImageOfPage":{"@id":"https:\/\/www.clearon.se\/en\/our-services\/utbetalningar-vardeavier\/#primaryimage"},"image":{"@id":"https:\/\/www.clearon.se\/en\/our-services\/utbetalningar-vardeavier\/#primaryimage"},"thumbnailUrl":"https:\/\/www.clearon.se\/wp-content\/uploads\/2022\/07\/V\u00e4rdeavi.jpg","datePublished":"2022-10-18T07:03:23+00:00","dateModified":"2024-10-09T13:56:50+00:00","breadcrumb":{"@id":"https:\/\/www.clearon.se\/en\/our-services\/utbetalningar-vardeavier\/#breadcrumb"},"inLanguage":"en-US","potentialAction":[{"@type":"ReadAction","target":["https:\/\/www.clearon.se\/en\/our-services\/utbetalningar-vardeavier\/"]}]},{"@type":"ImageObject","inLanguage":"en-US","@id":"https:\/\/www.clearon.se\/en\/our-services\/utbetalningar-vardeavier\/#primaryimage","url":"https:\/\/www.clearon.se\/wp-content\/uploads\/2022\/07\/V\u00e4rdeavi.jpg","contentUrl":"https:\/\/www.clearon.se\/wp-content\/uploads\/2022\/07\/V\u00e4rdeavi.jpg","width":1170,"height":380},{"@type":"BreadcrumbList","@id":"https:\/\/www.clearon.se\/en\/our-services\/utbetalningar-vardeavier\/#breadcrumb","itemListElement":[{"@type":"ListItem","position":1,"name":"Hem","item":"https:\/\/www.clearon.se\/en\/"},{"@type":"ListItem","position":2,"name":"Our services","item":"https:\/\/www.clearon.se\/en\/our-services\/"},{"@type":"ListItem","position":3,"name":"Utbetalningar &#8211; V\u00e4rdeavier"}]},{"@type":"WebSite","@id":"https:\/\/www.clearon.se\/#website","url":"https:\/\/www.clearon.se\/","name":"Clearon","description":"Ledande inom kuponger och  betaltj\u00e4nster i svensk handel","potentialAction":[{"@type":"SearchAction","target":{"@type":"EntryPoint","urlTemplate":"https:\/\/www.clearon.se\/?s={search_term_string}"},"query-input":{"@type":"PropertyValueSpecification","valueRequired":true,"valueName":"search_term_string"}}],"inLanguage":"en-US"}]}},"_links":{"self":[{"href":"https:\/\/www.clearon.se\/en\/wp-json\/wp\/v2\/pages\/9293\/"}],"collection":[{"href":"https:\/\/www.clearon.se\/en\/wp-json\/wp\/v2\/pages\/"}],"about":[{"href":"https:\/\/www.clearon.se\/en\/wp-json\/wp\/v2\/types\/page\/"}],"author":[{"embeddable":true,"href":"https:\/\/www.clearon.se\/en\/wp-json\/wp\/v2\/users\/2\/"}],"replies":[{"embeddable":true,"href":"https:\/\/www.clearon.se\/en\/wp-json\/wp\/v2\/comments\/?post=9293"}],"version-history":[{"count":8,"href":"https:\/\/www.clearon.se\/en\/wp-json\/wp\/v2\/pages\/9293\/revisions\/"}],"predecessor-version":[{"id":13482,"href":"https:\/\/www.clearon.se\/en\/wp-json\/wp\/v2\/pages\/9293\/revisions\/13482\/"}],"up":[{"embeddable":true,"href":"https:\/\/www.clearon.se\/en\/wp-json\/wp\/v2\/pages\/1088\/"}],"wp:featuredmedia":[{"embeddable":true,"href":"https:\/\/www.clearon.se\/en\/wp-json\/wp\/v2\/media\/8518\/"}],"wp:attachment":[{"href":"https:\/\/www.clearon.se\/en\/wp-json\/wp\/v2\/media\/?parent=9293"}],"wp:term":[{"taxonomy":"category","embeddable":true,"href":"https:\/\/www.clearon.se\/en\/wp-json\/wp\/v2\/categories\/?post=9293"},{"taxonomy":"post_tag","embeddable":true,"href":"https:\/\/www.clearon.se\/en\/wp-json\/wp\/v2\/tags\/?post=9293"}],"curies":[{"name":"wp","href":"https:\/\/api.w.org\/{rel}","templated":true}]}}